{"id":3308,"date":"2025-09-26T15:41:18","date_gmt":"2025-09-26T15:41:18","guid":{"rendered":"https:\/\/canadadubaigcc.com\/?page_id=3308"},"modified":"2025-10-01T17:36:13","modified_gmt":"2025-10-01T17:36:13","slug":"contact","status":"publish","type":"page","link":"https:\/\/canadadubaigcc.com\/fr\/contact\/","title":{"rendered":"Contact"},"content":{"rendered":"<div data-elementor-type=\"wp-page\" data-elementor-id=\"3308\" class=\"elementor elementor-3308\">\n\t\t\t\t\t\t<section class=\"elementor-section elementor-top-section elementor-element elementor-element-7b9195a8 elementor-section-height-min-height elementor-section-content-middle elementor-section-stretched elementor-section-boxed elementor-section-height-default elementor-section-items-middle\" data-id=\"7b9195a8\" data-element_type=\"section\" data-settings=\"{&quot;background_background&quot;:&quot;classic&quot;,&quot;shape_divider_bottom&quot;:&quot;mountains&quot;,&quot;stretch_section&quot;:&quot;section-stretched&quot;}\">\n\t\t\t\t\t\t\t<div class=\"elementor-background-overlay\"><\/div>\n\t\t\t\t\t\t<div class=\"elementor-shape elementor-shape-bottom\" data-negative=\"false\">\n\t\t\t<svg xmlns=\"http:\/\/www.w3.org\/2000\/svg\" viewbox=\"0 0 1000 100\" preserveaspectratio=\"none\">\n\t<path class=\"elementor-shape-fill\" opacity=\"0.33\" d=\"M473,67.3c-203.9,88.3-263.1-34-320.3,0C66,119.1,0,59.7,0,59.7V0h1000v59.7 c0,0-62.1,26.1-94.9,29.3c-32.8,3.3-62.8-12.3-75.8-22.1C806,49.6,745.3,8.7,694.9,4.7S492.4,59,473,67.3z\"\/>\n\t<path class=\"elementor-shape-fill\" opacity=\"0.66\" d=\"M734,67.3c-45.5,0-77.2-23.2-129.1-39.1c-28.6-8.7-150.3-10.1-254,39.1 s-91.7-34.4-149.2,0C115.7,118.3,0,39.8,0,39.8V0h1000v36.5c0,0-28.2-18.5-92.1-18.5C810.2,18.1,775.7,67.3,734,67.3z\"\/>\n\t<path class=\"elementor-shape-fill\" d=\"M766.1,28.9c-200-57.5-266,65.5-395.1,19.5C242,1.8,242,5.4,184.8,20.6C128,35.8,132.3,44.9,89.9,52.5C28.6,63.7,0,0,0,0 h1000c0,0-9.9,40.9-83.6,48.1S829.6,47,766.1,28.9z\"\/>\n<\/svg>\t\t<\/div>\n\t\t\t\t\t<div class=\"elementor-container elementor-column-gap-default\">\n\t\t\t\t\t<div class=\"elementor-column elementor-col-50 elementor-top-column elementor-element elementor-element-1cc0d2e2\" data-id=\"1cc0d2e2\" data-element_type=\"column\">\n\t\t\t<div class=\"elementor-widget-wrap elementor-element-populated\">\n\t\t\t\t\t\t<div class=\"elementor-element elementor-element-47ba2119 elementor-widget elementor-widget-heading\" data-id=\"47ba2119\" data-element_type=\"widget\" data-widget_type=\"heading.default\">\n\t\t\t\t<div class=\"elementor-widget-container\">\n\t\t\t\t\t<h1 class=\"elementor-heading-title elementor-size-default\">CONTACTEZ-NOUS<\/h1>\t\t\t\t<\/div>\n\t\t\t\t<\/div>\n\t\t\t\t\t<\/div>\n\t\t<\/div>\n\t\t\t\t<div class=\"elementor-column elementor-col-50 elementor-top-column elementor-element elementor-element-2ebbdac2\" data-id=\"2ebbdac2\" data-element_type=\"column\">\n\t\t\t<div class=\"elementor-widget-wrap\">\n\t\t\t\t\t\t\t<\/div>\n\t\t<\/div>\n\t\t\t\t\t<\/div>\n\t\t<\/section>\n\t\t\t\t<section class=\"elementor-section elementor-top-section elementor-element elementor-element-46614f45 elementor-section-boxed elementor-section-height-default elementor-section-height-default\" data-id=\"46614f45\" data-element_type=\"section\" data-settings=\"{&quot;background_background&quot;:&quot;classic&quot;}\">\n\t\t\t\t\t\t<div class=\"elementor-container elementor-column-gap-default\">\n\t\t\t\t\t<div class=\"elementor-column elementor-col-50 elementor-top-column elementor-element elementor-element-1f4c0e9c\" data-id=\"1f4c0e9c\" data-element_type=\"column\">\n\t\t\t<div class=\"elementor-widget-wrap elementor-element-populated\">\n\t\t\t\t\t\t<div class=\"elementor-element elementor-element-7e14c524 elementor-widget elementor-widget-heading\" data-id=\"7e14c524\" data-element_type=\"widget\" data-widget_type=\"heading.default\">\n\t\t\t\t<div class=\"elementor-widget-container\">\n\t\t\t\t\t<h2 class=\"elementor-heading-title elementor-size-default\">Travaillons ensemble<\/h2>\t\t\t\t<\/div>\n\t\t\t\t<\/div>\n\t\t\t\t<div class=\"elementor-element elementor-element-58fe64da elementor-widget elementor-widget-text-editor\" data-id=\"58fe64da\" data-element_type=\"widget\" data-widget_type=\"text-editor.default\">\n\t\t\t\t<div class=\"elementor-widget-container\">\n\t\t\t\t\t\t\t\t\t<p>Canada Duba\u00ef GCC souhaite entendre des entreprises du Canada et de Duba\u00ef celles qui d\u00e9sirent en savoir plus sur les opportunit\u00e9s offertes dans ces march\u00e9s.<\/p><p>Veuillez remplir le formulaire ci-contre ou contacter le Secr\u00e9tariat conjoint du Canada-Duba\u00ef GCC \u00e0 l\u2019adresse suivante : <a href=\"mailto:info@canadadubaigcc.com\">info@canadadubaigcc.com.<\/a><\/p>\t\t\t\t\t\t\t\t<\/div>\n\t\t\t\t<\/div>\n\t\t\t\t<div class=\"elementor-element elementor-element-6792ffe1 elementor-widget elementor-widget-spacer\" data-id=\"6792ffe1\" data-element_type=\"widget\" data-widget_type=\"spacer.default\">\n\t\t\t\t<div class=\"elementor-widget-container\">\n\t\t\t\t\t\t\t<div class=\"elementor-spacer\">\n\t\t\t<div class=\"elementor-spacer-inner\"><\/div>\n\t\t<\/div>\n\t\t\t\t\t\t<\/div>\n\t\t\t\t<\/div>\n\t\t\t\t<div class=\"elementor-element elementor-element-5b621864 elementor-widget elementor-widget-heading\" data-id=\"5b621864\" data-element_type=\"widget\" data-widget_type=\"heading.default\">\n\t\t\t\t<div class=\"elementor-widget-container\">\n\t\t\t\t\t<h3 class=\"elementor-heading-title elementor-size-default\">Envoyez-nous un message<\/h3>\t\t\t\t<\/div>\n\t\t\t\t<\/div>\n\t\t\t\t<div class=\"elementor-element elementor-element-1bede087 fluentform-widget-submit-button-custom elementor-widget elementor-widget-fluent-form-widget\" data-id=\"1bede087\" data-element_type=\"widget\" data-widget_type=\"fluent-form-widget.default\">\n\t\t\t\t<div class=\"elementor-widget-container\">\n\t\t\t\t\t\n            <div class=\"fluentform-widget-wrapper fluentform-widget-align-default\">\n\n            \n            <div class='fluentform ff-default fluentform_wrapper_1 ffs_default_wrap'><form data-form_id=\"1\" id=\"fluentform_1\" class=\"frm-fluent-form fluent_form_1 ff-el-form-top ff_form_instance_1_1 ff-form-loading ffs_default\" data-form_instance=\"ff_form_instance_1_1\" method=\"POST\" action=\"\" ><fieldset  style=\"border: none!important;margin: 0!important;padding: 0!important;background-color: transparent!important;box-shadow: none!important;outline: none!important; min-inline-size: 100%;\">\n                    <legend class=\"ff_screen_reader_title\" style=\"display: block; margin: 0!important;padding: 0!important;height: 0!important;text-indent: -999999px;width: 0!important;overflow:hidden;\">Contact Form Demo<\/legend><input type='hidden' name='__fluent_form_embded_post_id' value='3308' \/><input type=\"hidden\" id=\"_fluentform_1_fluentformnonce\" name=\"_fluentform_1_fluentformnonce\" value=\"3b9019b75f\" \/><input type=\"hidden\" name=\"_wp_http_referer\" value=\"\/fr\/wp-json\/wp\/v2\/pages\/3308\" \/><div data-type=\"name-element\" data-name=\"names\" class=\"ff-field_container ff-name-field-wrapper\" ><div class='ff-t-container'><div class='ff-t-cell'><div class='ff-el-group'><div class=\"ff-el-input--label asterisk-right\"><label for='ff_1_names_first_name_' >Pr\u00e9nom<\/label><\/div><div class='ff-el-input--content'><input type=\"text\" name=\"names[first_name]\" id=\"ff_1_names_first_name_\" class=\"ff-el-form-control\" placeholder=\"Pr\u00e9nom\" aria-invalid=\"false\" aria-required=\"false\"><\/div><\/div><\/div><div class='ff-t-cell'><div class='ff-el-group'><div class=\"ff-el-input--label asterisk-right\"><label for='ff_1_names_last_name_' >Nom de famille<\/label><\/div><div class='ff-el-input--content'><input type=\"text\" name=\"names[last_name]\" id=\"ff_1_names_last_name_\" class=\"ff-el-form-control\" placeholder=\"Nom de famille\" aria-invalid=\"false\" aria-required=\"false\"><\/div><\/div><\/div><\/div><\/div><div class='ff-el-group'><div class=\"ff-el-input--label ff-el-is-required asterisk-right\"><label for='ff_1_email' aria-label=\"Email\">Email<\/label><\/div><div class='ff-el-input--content'><input type=\"email\" name=\"email\" id=\"ff_1_email\" class=\"ff-el-form-control\" placeholder=\"Email\" data-name=\"email\"  aria-invalid=\"false\" aria-required=\"true\"><\/div><\/div><div class='ff-el-group'><div class=\"ff-el-input--label asterisk-right\"><label for='ff_1_subject' aria-label=\"Sujet\">Sujet<\/label><\/div><div class='ff-el-input--content'><input type=\"text\" name=\"subject\" class=\"ff-el-form-control\" placeholder=\"Sujet\" data-name=\"subject\" id=\"ff_1_subject\"  aria-invalid=\"false\" aria-required=\"false\"><\/div><\/div><div class='ff-el-group'><div class=\"ff-el-input--label ff-el-is-required asterisk-right\"><label for='ff_1_message' aria-label=\"Votre message\">Votre message<\/label><\/div><div class='ff-el-input--content'><textarea aria-invalid=\"false\" aria-required=\"true\" name=\"message\" id=\"ff_1_message\" class=\"ff-el-form-control\" placeholder=\"Votre message\" rows=\"4\" cols=\"2\" data-name=\"message\" ><\/textarea><\/div><\/div><div class='ff-el-group ff-text-left ff_submit_btn_wrapper'><button type=\"submit\" class=\"ff-btn ff-btn-submit ff-btn-md ff_btn_style\" >Soumettre le formulaire<\/button><\/div><\/fieldset><input type=\"hidden\" name=\"trp-form-language\" value=\"fr\"\/><\/form><div id='fluentform_1_errors' class='ff-errors-in-stack ff_form_instance_1_1 ff-form-loading_errors ff_form_instance_1_1_errors'><\/div><\/div>        <script type=\"text\/javascript\">\n            window.fluent_form_ff_form_instance_1_1 = {\"id\":\"1\",\"settings\":{\"layout\":{\"labelPlacement\":\"top\",\"helpMessagePlacement\":\"with_label\",\"errorMessagePlacement\":\"inline\",\"cssClassName\":\"\",\"asteriskPlacement\":\"asterisk-right\"},\"restrictions\":{\"denyEmptySubmission\":{\"enabled\":false}}},\"form_instance\":\"ff_form_instance_1_1\",\"form_id_selector\":\"fluentform_1\",\"rules\":{\"names[first_name]\":{\"required\":{\"value\":false,\"message\":\"This field is required\"}},\"names[middle_name]\":{\"required\":{\"value\":false,\"message\":\"This field is required\"}},\"names[last_name]\":{\"required\":{\"value\":false,\"message\":\"This field is required\"}},\"email\":{\"required\":{\"value\":true,\"message\":\"This field is required\"},\"email\":{\"value\":true,\"message\":\"This field must contain a valid email\"}},\"subject\":{\"required\":{\"value\":false,\"message\":\"This field is required\"}},\"message\":{\"required\":{\"value\":true,\"message\":\"This field is required\"}}},\"debounce_time\":300};\n                    <\/script>\n                    <\/div>\n\n            \t\t\t\t<\/div>\n\t\t\t\t<\/div>\n\t\t\t\t\t<\/div>\n\t\t<\/div>\n\t\t\t\t<div class=\"elementor-column elementor-col-50 elementor-top-column elementor-element elementor-element-7bd69274\" data-id=\"7bd69274\" data-element_type=\"column\" data-settings=\"{&quot;background_background&quot;:&quot;classic&quot;}\">\n\t\t\t<div class=\"elementor-widget-wrap elementor-element-populated\">\n\t\t\t\t\t<div class=\"elementor-background-overlay\"><\/div>\n\t\t\t\t\t\t<section class=\"elementor-section elementor-inner-section elementor-element elementor-element-1846dbda elementor-section-boxed elementor-section-height-default elementor-section-height-default\" data-id=\"1846dbda\" data-element_type=\"section\" data-settings=\"{&quot;background_background&quot;:&quot;classic&quot;}\">\n\t\t\t\t\t\t<div class=\"elementor-container elementor-column-gap-default\">\n\t\t\t\t\t<div class=\"elementor-column elementor-col-100 elementor-inner-column elementor-element elementor-element-7b078929\" data-id=\"7b078929\" data-element_type=\"column\" data-settings=\"{&quot;background_background&quot;:&quot;classic&quot;}\">\n\t\t\t<div class=\"elementor-widget-wrap elementor-element-populated\">\n\t\t\t\t\t\t<div class=\"elementor-element elementor-element-38f570fd elementor-widget elementor-widget-heading\" data-id=\"38f570fd\" data-element_type=\"widget\" data-widget_type=\"heading.default\">\n\t\t\t\t<div class=\"elementor-widget-container\">\n\t\t\t\t\t<h3 class=\"elementor-heading-title elementor-size-default\">Bureaux<\/h3>\t\t\t\t<\/div>\n\t\t\t\t<\/div>\n\t\t\t\t<div class=\"elementor-element elementor-element-2adeee06 elementor-widget-divider--view-line elementor-widget elementor-widget-divider\" data-id=\"2adeee06\" data-element_type=\"widget\" data-widget_type=\"divider.default\">\n\t\t\t\t<div class=\"elementor-widget-container\">\n\t\t\t\t\t\t\t<div class=\"elementor-divider\">\n\t\t\t<span class=\"elementor-divider-separator\">\n\t\t\t\t\t\t<\/span>\n\t\t<\/div>\n\t\t\t\t\t\t<\/div>\n\t\t\t\t<\/div>\n\t\t\t\t<div class=\"elementor-element elementor-element-73072a9f elementor-widget elementor-widget-text-editor\" data-id=\"73072a9f\" data-element_type=\"widget\" data-widget_type=\"text-editor.default\">\n\t\t\t\t<div class=\"elementor-widget-container\">\n\t\t\t\t\t\t\t\t\t<p><strong>CANADA<\/strong><\/p><p>797, boul. Lebourgneuf suite 300,<br \/>Qu\u00e9bec QC CANADA G2J 0B5<\/p>\t\t\t\t\t\t\t\t<\/div>\n\t\t\t\t<\/div>\n\t\t\t\t<div class=\"elementor-element elementor-element-4768d739 elementor-widget elementor-widget-text-editor\" data-id=\"4768d739\" data-element_type=\"widget\" data-widget_type=\"text-editor.default\">\n\t\t\t\t<div class=\"elementor-widget-container\">\n\t\t\t\t\t\t\t\t\t<p><strong>DUBA\u00cf<\/strong><\/p><p>Rolex Twin Towers<br \/>20E \u00c9tage, Unit\u00e9 2004, bureau 141<br \/>Al Rega, Deira &#8211; Dubai<br \/>United Arab Emirates 231381<\/p>\t\t\t\t\t\t\t\t<\/div>\n\t\t\t\t<\/div>\n\t\t\t\t<div class=\"elementor-element elementor-element-520305dd elementor-align-center elementor-widget elementor-widget-elementskit-button\" data-id=\"520305dd\" data-element_type=\"widget\" data-widget_type=\"elementskit-button.default\">\n\t\t\t\t<div class=\"elementor-widget-container\">\n\t\t\t\t\t<div class=\"ekit-wid-con\" >\t\t<div class=\"ekit-btn-wraper\">\n\t\t\t\t\t\t\t<a href=\"tel:+15819998333\" target=\"_blank\" class=\"elementskit-btn  whitespace--normal\" id=\"\">\n\t\t\t\t\t+1 (581) 999-8333\t\t\t\t<\/a>\n\t\t\t\t\t<\/div>\n        <\/div>\t\t\t\t<\/div>\n\t\t\t\t<\/div>\n\t\t\t\t\t<\/div>\n\t\t<\/div>\n\t\t\t\t\t<\/div>\n\t\t<\/section>\n\t\t\t\t\t<\/div>\n\t\t<\/div>\n\t\t\t\t\t<\/div>\n\t\t<\/section>\n\t\t\t\t<\/div>","protected":false},"excerpt":{"rendered":"<p>CONTACT Let\u2019s work together The Canada-Dubai GCC Business is keen to hear from both Canada and Dubai companies that want to know more about opportunities in these markets. Please fill in the form opposite or contact the Joint Secretariat of the Canada-Dubai GCC at: info@canadadubaigcc.com Send Us a Message Contact Form Demo First NameLast NameEmailSubjectYour&#8230;<\/p>","protected":false},"author":1,"featured_media":0,"parent":0,"menu_order":0,"comment_status":"closed","ping_status":"closed","template":"elementor_header_footer","meta":{"_kad_post_transparent":"","_kad_post_title":"hide","_kad_post_layout":"fullwidth","_kad_post_sidebar_id":"","_kad_post_content_style":"unboxed","_kad_post_vertical_padding":"hide","_kad_post_feature":"hide","_kad_post_feature_position":"","_kad_post_header":false,"_kad_post_footer":false,"footnotes":""},"_links":{"self":[{"href":"https:\/\/canadadubaigcc.com\/fr\/wp-json\/wp\/v2\/pages\/3308"}],"collection":[{"href":"https:\/\/canadadubaigcc.com\/fr\/wp-json\/wp\/v2\/pages"}],"about":[{"href":"https:\/\/canadadubaigcc.com\/fr\/wp-json\/wp\/v2\/types\/page"}],"author":[{"embeddable":true,"href":"https:\/\/canadadubaigcc.com\/fr\/wp-json\/wp\/v2\/users\/1"}],"replies":[{"embeddable":true,"href":"https:\/\/canadadubaigcc.com\/fr\/wp-json\/wp\/v2\/comments?post=3308"}],"version-history":[{"count":0,"href":"https:\/\/canadadubaigcc.com\/fr\/wp-json\/wp\/v2\/pages\/3308\/revisions"}],"wp:attachment":[{"href":"https:\/\/canadadubaigcc.com\/fr\/wp-json\/wp\/v2\/media?parent=3308"}],"curies":[{"name":"wp","href":"https:\/\/api.w.org\/{rel}","templated":true}]}}