{"id":3185,"date":"2025-08-19T17:53:34","date_gmt":"2025-08-19T17:53:34","guid":{"rendered":"https:\/\/canadadubaigcc.com\/?page_id=3185"},"modified":"2025-09-26T16:22:52","modified_gmt":"2025-09-26T16:22:52","slug":"financing","status":"publish","type":"page","link":"https:\/\/canadadubaigcc.com\/fr\/financing\/","title":{"rendered":"Financement"},"content":{"rendered":"<div data-elementor-type=\"wp-page\" data-elementor-id=\"3185\" class=\"elementor elementor-3185\">\n\t\t\t\t\t\t<section class=\"elementor-section elementor-top-section elementor-element elementor-element-279ff9d4 elementor-section-height-min-height elementor-section-boxed elementor-section-height-default elementor-section-items-middle\" data-id=\"279ff9d4\" data-element_type=\"section\" data-settings=\"{&quot;background_background&quot;:&quot;classic&quot;,&quot;shape_divider_bottom&quot;:&quot;mountains&quot;}\">\n\t\t\t\t\t\t\t<div class=\"elementor-background-overlay\"><\/div>\n\t\t\t\t\t\t<div class=\"elementor-shape elementor-shape-bottom\" data-negative=\"false\">\n\t\t\t<svg xmlns=\"http:\/\/www.w3.org\/2000\/svg\" viewbox=\"0 0 1000 100\" preserveaspectratio=\"none\">\n\t<path class=\"elementor-shape-fill\" opacity=\"0.33\" d=\"M473,67.3c-203.9,88.3-263.1-34-320.3,0C66,119.1,0,59.7,0,59.7V0h1000v59.7 c0,0-62.1,26.1-94.9,29.3c-32.8,3.3-62.8-12.3-75.8-22.1C806,49.6,745.3,8.7,694.9,4.7S492.4,59,473,67.3z\"\/>\n\t<path class=\"elementor-shape-fill\" opacity=\"0.66\" d=\"M734,67.3c-45.5,0-77.2-23.2-129.1-39.1c-28.6-8.7-150.3-10.1-254,39.1 s-91.7-34.4-149.2,0C115.7,118.3,0,39.8,0,39.8V0h1000v36.5c0,0-28.2-18.5-92.1-18.5C810.2,18.1,775.7,67.3,734,67.3z\"\/>\n\t<path class=\"elementor-shape-fill\" d=\"M766.1,28.9c-200-57.5-266,65.5-395.1,19.5C242,1.8,242,5.4,184.8,20.6C128,35.8,132.3,44.9,89.9,52.5C28.6,63.7,0,0,0,0 h1000c0,0-9.9,40.9-83.6,48.1S829.6,47,766.1,28.9z\"\/>\n<\/svg>\t\t<\/div>\n\t\t\t\t\t<div class=\"elementor-container elementor-column-gap-default\">\n\t\t\t\t\t<div class=\"elementor-column elementor-col-50 elementor-top-column elementor-element elementor-element-1387e7ca\" data-id=\"1387e7ca\" data-element_type=\"column\">\n\t\t\t<div class=\"elementor-widget-wrap elementor-element-populated\">\n\t\t\t\t\t\t<div class=\"elementor-element elementor-element-3e8b3ef6 elementor-widget elementor-widget-heading\" data-id=\"3e8b3ef6\" data-element_type=\"widget\" data-widget_type=\"heading.default\">\n\t\t\t\t<div class=\"elementor-widget-container\">\n\t\t\t\t\t<h1 class=\"elementor-heading-title elementor-size-default\">FINANCEMENT<\/h1>\t\t\t\t<\/div>\n\t\t\t\t<\/div>\n\t\t\t\t\t<\/div>\n\t\t<\/div>\n\t\t\t\t<div class=\"elementor-column elementor-col-50 elementor-top-column elementor-element elementor-element-27d152b8 elementor-hidden-tablet elementor-hidden-phone\" data-id=\"27d152b8\" data-element_type=\"column\">\n\t\t\t<div class=\"elementor-widget-wrap\">\n\t\t\t\t\t\t\t<\/div>\n\t\t<\/div>\n\t\t\t\t\t<\/div>\n\t\t<\/section>\n\t\t<div class=\"elementor-element elementor-element-572c56e1 e-grid e-con-boxed e-con e-parent\" data-id=\"572c56e1\" data-element_type=\"container\">\n\t\t\t\t\t<div class=\"e-con-inner\">\n\t\t\t\t<div class=\"elementor-element elementor-element-5f87bc1 elementor-widget elementor-widget-text-editor\" data-id=\"5f87bc1\" data-element_type=\"widget\" data-widget_type=\"text-editor.default\">\n\t\t\t\t<div class=\"elementor-widget-container\">\n\t\t\t\t\t\t\t\t\t<p>La Chambre \u00e9conomique Canada\u2013Duba\u00ef CCG met en relation les projets avec des bailleurs de fonds de confiance, offrant \u00e0 la fois un soutien financier et un r\u00e9seau strat\u00e9gique pour transformer les id\u00e9es en initiatives porteuses favorisant la croissance et l\u2019innovation.<\/p>\t\t\t\t\t\t\t\t<\/div>\n\t\t\t\t<\/div>\n\t\t\t\t\t<\/div>\n\t\t\t\t<\/div>\n\t\t<div class=\"elementor-element elementor-element-352f739 e-flex e-con-boxed e-con e-parent\" data-id=\"352f739\" data-element_type=\"container\">\n\t\t\t\t\t<div class=\"e-con-inner\">\n\t\t\t\t<div class=\"elementor-element elementor-element-7671ace7 elementor-align-center elementor-widget elementor-widget-elementskit-button\" data-id=\"7671ace7\" data-element_type=\"widget\" data-widget_type=\"elementskit-button.default\">\n\t\t\t\t<div class=\"elementor-widget-container\">\n\t\t\t\t\t<div class=\"ekit-wid-con\" >\t\t<div class=\"ekit-btn-wraper\">\n\t\t\t\t\t\t\t<a href=\"https:\/\/canadadubaigcc.com\/fr\/?elementor_library=v2-contact\" target=\"_blank\" class=\"elementskit-btn  whitespace--normal\" id=\"\">\n\t\t\t\t\tCONTACTEZ-NOUS\t\t\t\t<\/a>\n\t\t\t\t\t<\/div>\n        <\/div>\t\t\t\t<\/div>\n\t\t\t\t<\/div>\n\t\t\t\t\t<\/div>\n\t\t\t\t<\/div>\n\t\t<div class=\"elementor-element elementor-element-67f8d68 e-flex e-con-boxed e-con e-parent\" data-id=\"67f8d68\" data-element_type=\"container\" data-settings=\"{&quot;background_background&quot;:&quot;classic&quot;}\">\n\t\t\t\t\t<div class=\"e-con-inner\">\n\t\t\t\t<div class=\"elementor-element elementor-element-edecf64 elementor-widget elementor-widget-heading\" data-id=\"edecf64\" data-element_type=\"widget\" data-widget_type=\"heading.default\">\n\t\t\t\t<div class=\"elementor-widget-container\">\n\t\t\t\t\t<h2 class=\"elementor-heading-title elementor-size-default\">Grande nouvelle<\/h2>\t\t\t\t<\/div>\n\t\t\t\t<\/div>\n\t\t<div class=\"elementor-element elementor-element-15afd88 e-flex e-con-boxed e-con e-child\" data-id=\"15afd88\" data-element_type=\"container\" data-settings=\"{&quot;background_background&quot;:&quot;classic&quot;}\">\n\t\t\t\t\t<div class=\"e-con-inner\">\n\t\t\t\t<div class=\"elementor-element elementor-element-40da146 elementor-widget__width-initial elementor-widget elementor-widget-elementskit-heading\" data-id=\"40da146\" data-element_type=\"widget\" data-widget_type=\"elementskit-heading.default\">\n\t\t\t\t<div class=\"elementor-widget-container\">\n\t\t\t\t\t<div class=\"ekit-wid-con\" ><div class=\"ekit-heading elementskit-section-title-wraper text_left   ekit_heading_tablet-   ekit_heading_mobile-\"><h2 class=\"ekit-heading--title elementskit-section-title\">Collaboration<\/h2><div class=\"ekit_heading_separetor_wraper ekit_heading_elementskit-border-divider\"><div class=\"elementskit-border-divider\"><\/div><\/div>\t\t\t\t<div class='ekit-heading__description'>\n\t\t\t\t\t<h4>Mission du <strong>Groupe Performance<\/strong> \u00e0 Duba\u00ef en collaboration avec la Chambre \u00c9conomique Canada Duba\u00ef<\/h4>\n\t\t\t\t<\/div>\n\t\t\t<\/div><\/div>\t\t\t\t<\/div>\n\t\t\t\t<\/div>\n\t\t\t\t<div class=\"elementor-element elementor-element-69f1107 elementor-widget elementor-widget-image\" data-id=\"69f1107\" data-element_type=\"widget\" data-widget_type=\"image.default\">\n\t\t\t\t<div class=\"elementor-widget-container\">\n\t\t\t\t\t\t\t\t\t\t\t\t\t\t\t<img fetchpriority=\"high\" decoding=\"async\" width=\"768\" height=\"1024\" src=\"https:\/\/canadadubaigcc.com\/wp-content\/uploads\/2025\/09\/GSP-2026-1-768x1024.jpg\" class=\"attachment-large size-large wp-image-3335\" alt=\"\" srcset=\"https:\/\/canadadubaigcc.com\/wp-content\/uploads\/2025\/09\/GSP-2026-1-768x1024.jpg 768w, https:\/\/canadadubaigcc.com\/wp-content\/uploads\/2025\/09\/GSP-2026-1-225x300.jpg 225w, https:\/\/canadadubaigcc.com\/wp-content\/uploads\/2025\/09\/GSP-2026-1-1152x1536.jpg 1152w, https:\/\/canadadubaigcc.com\/wp-content\/uploads\/2025\/09\/GSP-2026-1-1535x2048.jpg 1535w, https:\/\/canadadubaigcc.com\/wp-content\/uploads\/2025\/09\/GSP-2026-1-9x12.jpg 9w, https:\/\/canadadubaigcc.com\/wp-content\/uploads\/2025\/09\/GSP-2026-1-scaled.jpg 1919w\" sizes=\"(max-width: 768px) 100vw, 768px\" \/>\t\t\t\t\t\t\t\t\t\t\t\t\t\t\t<\/div>\n\t\t\t\t<\/div>\n\t\t\t\t\t<\/div>\n\t\t\t\t<\/div>\n\t\t\t\t\t<\/div>\n\t\t\t\t<\/div>\n\t\t\t\t<\/div>","protected":false},"excerpt":{"rendered":"<p>FINANCING The Canada\u2013Dubai GCC Economic Chamber connects projects with trusted funding partners, providing the financial support and strategic network needed to transform ideas into impactful ventures that drive growth and innovation. CONTACT US Big News Partnership Mission of Groupe Performance at Duba\u00ef partners with Canada Duba\u00ef Economic Chamber<\/p>","protected":false},"author":1,"featured_media":0,"parent":0,"menu_order":0,"comment_status":"closed","ping_status":"closed","template":"elementor_header_footer","meta":{"_kad_post_transparent":"","_kad_post_title":"hide","_kad_post_layout":"fullwidth","_kad_post_sidebar_id":"","_kad_post_content_style":"unboxed","_kad_post_vertical_padding":"hide","_kad_post_feature":"hide","_kad_post_feature_position":"","_kad_post_header":false,"_kad_post_footer":false,"footnotes":""},"_links":{"self":[{"href":"https:\/\/canadadubaigcc.com\/fr\/wp-json\/wp\/v2\/pages\/3185"}],"collection":[{"href":"https:\/\/canadadubaigcc.com\/fr\/wp-json\/wp\/v2\/pages"}],"about":[{"href":"https:\/\/canadadubaigcc.com\/fr\/wp-json\/wp\/v2\/types\/page"}],"author":[{"embeddable":true,"href":"https:\/\/canadadubaigcc.com\/fr\/wp-json\/wp\/v2\/users\/1"}],"replies":[{"embeddable":true,"href":"https:\/\/canadadubaigcc.com\/fr\/wp-json\/wp\/v2\/comments?post=3185"}],"version-history":[{"count":0,"href":"https:\/\/canadadubaigcc.com\/fr\/wp-json\/wp\/v2\/pages\/3185\/revisions"}],"wp:attachment":[{"href":"https:\/\/canadadubaigcc.com\/fr\/wp-json\/wp\/v2\/media?parent=3185"}],"curies":[{"name":"wp","href":"https:\/\/api.w.org\/{rel}","templated":true}]}}