{"id":3161,"date":"2025-08-19T16:00:23","date_gmt":"2025-08-19T16:00:23","guid":{"rendered":"https:\/\/canadadubaigcc.com\/?page_id=3161"},"modified":"2025-10-01T17:31:01","modified_gmt":"2025-10-01T17:31:01","slug":"marketing","status":"publish","type":"page","link":"https:\/\/canadadubaigcc.com\/fr\/marketing\/","title":{"rendered":"Marketing"},"content":{"rendered":"<div data-elementor-type=\"wp-page\" data-elementor-id=\"3161\" class=\"elementor elementor-3161\">\n\t\t\t\t\t\t<section class=\"elementor-section elementor-top-section elementor-element elementor-element-3aa770bb elementor-section-height-min-height elementor-section-boxed elementor-section-height-default elementor-section-items-middle\" data-id=\"3aa770bb\" data-element_type=\"section\" data-settings=\"{&quot;background_background&quot;:&quot;classic&quot;,&quot;shape_divider_bottom&quot;:&quot;mountains&quot;}\">\n\t\t\t\t\t\t\t<div class=\"elementor-background-overlay\"><\/div>\n\t\t\t\t\t\t<div class=\"elementor-shape elementor-shape-bottom\" data-negative=\"false\">\n\t\t\t<svg xmlns=\"http:\/\/www.w3.org\/2000\/svg\" viewbox=\"0 0 1000 100\" preserveaspectratio=\"none\">\n\t<path class=\"elementor-shape-fill\" opacity=\"0.33\" d=\"M473,67.3c-203.9,88.3-263.1-34-320.3,0C66,119.1,0,59.7,0,59.7V0h1000v59.7 c0,0-62.1,26.1-94.9,29.3c-32.8,3.3-62.8-12.3-75.8-22.1C806,49.6,745.3,8.7,694.9,4.7S492.4,59,473,67.3z\"\/>\n\t<path class=\"elementor-shape-fill\" opacity=\"0.66\" d=\"M734,67.3c-45.5,0-77.2-23.2-129.1-39.1c-28.6-8.7-150.3-10.1-254,39.1 s-91.7-34.4-149.2,0C115.7,118.3,0,39.8,0,39.8V0h1000v36.5c0,0-28.2-18.5-92.1-18.5C810.2,18.1,775.7,67.3,734,67.3z\"\/>\n\t<path class=\"elementor-shape-fill\" d=\"M766.1,28.9c-200-57.5-266,65.5-395.1,19.5C242,1.8,242,5.4,184.8,20.6C128,35.8,132.3,44.9,89.9,52.5C28.6,63.7,0,0,0,0 h1000c0,0-9.9,40.9-83.6,48.1S829.6,47,766.1,28.9z\"\/>\n<\/svg>\t\t<\/div>\n\t\t\t\t\t<div class=\"elementor-container elementor-column-gap-default\">\n\t\t\t\t\t<div class=\"elementor-column elementor-col-50 elementor-top-column elementor-element elementor-element-49462bcb\" data-id=\"49462bcb\" data-element_type=\"column\">\n\t\t\t<div class=\"elementor-widget-wrap elementor-element-populated\">\n\t\t\t\t\t\t<div class=\"elementor-element elementor-element-9a7c80d elementor-widget elementor-widget-heading\" data-id=\"9a7c80d\" data-element_type=\"widget\" data-widget_type=\"heading.default\">\n\t\t\t\t<div class=\"elementor-widget-container\">\n\t\t\t\t\t<h1 class=\"elementor-heading-title elementor-size-default\">MARKETING<\/h1>\t\t\t\t<\/div>\n\t\t\t\t<\/div>\n\t\t\t\t\t<\/div>\n\t\t<\/div>\n\t\t\t\t<div class=\"elementor-column elementor-col-50 elementor-top-column elementor-element elementor-element-6dbd810f elementor-hidden-tablet elementor-hidden-phone\" data-id=\"6dbd810f\" data-element_type=\"column\">\n\t\t\t<div class=\"elementor-widget-wrap\">\n\t\t\t\t\t\t\t<\/div>\n\t\t<\/div>\n\t\t\t\t\t<\/div>\n\t\t<\/section>\n\t\t<div class=\"elementor-element elementor-element-975a28e e-grid e-con-boxed e-con e-parent\" data-id=\"975a28e\" data-element_type=\"container\">\n\t\t\t\t\t<div class=\"e-con-inner\">\n\t\t\t\t<div class=\"elementor-element elementor-element-9646cf6 elementor-widget elementor-widget-heading\" data-id=\"9646cf6\" data-element_type=\"widget\" data-widget_type=\"heading.default\">\n\t\t\t\t<div class=\"elementor-widget-container\">\n\t\t\t\t\t<h2 class=\"elementor-heading-title elementor-size-default\">Pickle Agence Cr\u00e9ative<\/h2>\t\t\t\t<\/div>\n\t\t\t\t<\/div>\n\t\t\t\t<div class=\"elementor-element elementor-element-ce0936d elementor-widget elementor-widget-text-editor\" data-id=\"ce0936d\" data-element_type=\"widget\" data-widget_type=\"text-editor.default\">\n\t\t\t\t<div class=\"elementor-widget-container\">\n\t\t\t\t\t\t\t\t\t<p>Nous sommes fiers de nous associer \u00e0 <strong data-start=\"60\" data-end=\"70\">Pickle<\/strong>, une \u00e9quipe cr\u00e9ative en marketing qui offre des services en production m\u00e9dia, design graphique, marketing num\u00e9rique et plus encore \u2014 pour aider les entreprises \u00e0 se d\u00e9marquer et \u00e0 cro\u00eetre. Vous pouvez les contacter directement via leur site web : <a href=\"http:\/\/picklecreative.ca\" target=\"_blank\" rel=\"noopener\">picklecreative.ca<\/a><\/p>\t\t\t\t\t\t\t\t<\/div>\n\t\t\t\t<\/div>\n\t\t\t\t\t<\/div>\n\t\t\t\t<\/div>\n\t\t<div class=\"elementor-element elementor-element-13e23291 e-flex e-con-boxed e-con e-parent\" data-id=\"13e23291\" data-element_type=\"container\">\n\t\t\t\t\t<div class=\"e-con-inner\">\n\t\t\t\t<div class=\"elementor-element elementor-element-4a599f17 elementor-align-center elementor-widget elementor-widget-elementskit-button\" data-id=\"4a599f17\" data-element_type=\"widget\" data-widget_type=\"elementskit-button.default\">\n\t\t\t\t<div class=\"elementor-widget-container\">\n\t\t\t\t\t<div class=\"ekit-wid-con\" >\t\t<div class=\"ekit-btn-wraper\">\n\t\t\t\t\t\t\t<a href=\"https:\/\/www.picklecreative.ca\/contact\" target=\"_blank\" class=\"elementskit-btn  whitespace--normal\" id=\"\" rel=\"noopener\">\n\t\t\t\t\tCONTACTEZ PICKLE AGENCE CR\u00c9ATIVE\t\t\t\t<\/a>\n\t\t\t\t\t<\/div>\n        <\/div>\t\t\t\t<\/div>\n\t\t\t\t<\/div>\n\t\t\t\t\t<\/div>\n\t\t\t\t<\/div>\n\t\t<div class=\"elementor-element elementor-element-1e6ab8de e-flex e-con-boxed e-con e-parent\" data-id=\"1e6ab8de\" data-element_type=\"container\" data-settings=\"{&quot;background_background&quot;:&quot;classic&quot;}\">\n\t\t\t\t\t<div class=\"e-con-inner\">\n\t\t\t\t<div class=\"elementor-element elementor-element-2bc9e171 elementor-widget elementor-widget-elementskit-heading\" data-id=\"2bc9e171\" data-element_type=\"widget\" data-widget_type=\"elementskit-heading.default\">\n\t\t\t\t<div class=\"elementor-widget-container\">\n\t\t\t\t\t<div class=\"ekit-wid-con\" ><div class=\"ekit-heading elementskit-section-title-wraper center   ekit_heading_tablet-   ekit_heading_mobile-\"><h2 class=\"ekit-heading--title elementskit-section-title\">Leurs services<\/h2><div class=\"ekit_heading_separetor_wraper ekit_heading_elementskit-border-divider\"><div class=\"elementskit-border-divider\"><\/div><\/div><\/div><\/div>\t\t\t\t<\/div>\n\t\t\t\t<\/div>\n\t\t<div class=\"elementor-element elementor-element-38632695 e-grid e-con-boxed e-con e-child\" data-id=\"38632695\" data-element_type=\"container\" data-settings=\"{&quot;background_background&quot;:&quot;classic&quot;}\">\n\t\t\t\t\t<div class=\"e-con-inner\">\n\t\t\t\t<div class=\"elementor-element elementor-element-7e01be1 ekit-equal-height-enable elementor-widget elementor-widget-elementskit-image-box\" data-id=\"7e01be1\" data-element_type=\"widget\" data-widget_type=\"elementskit-image-box.default\">\n\t\t\t\t<div class=\"elementor-widget-container\">\n\t\t\t\t\t<div class=\"ekit-wid-con\" >\n            <div class=\"elementskit-info-image-box ekit-image-box text-center hover_from_right hover-border-bottom\" >\n\n                \n                <div class=\"elementskit-box-header image-box-img-center\">\n\n                    <img fetchpriority=\"high\" decoding=\"async\" width=\"1024\" height=\"1024\" src=\"https:\/\/canadadubaigcc.com\/wp-content\/uploads\/2025\/09\/5K3A4593-scaled-e1758766781235-1024x1024.jpg\" class=\"attachment-large size-large wp-image-3227\" alt=\"\" srcset=\"https:\/\/canadadubaigcc.com\/wp-content\/uploads\/2025\/09\/5K3A4593-scaled-e1758766781235-1024x1024.jpg 1024w, https:\/\/canadadubaigcc.com\/wp-content\/uploads\/2025\/09\/5K3A4593-scaled-e1758766781235-300x300.jpg 300w, https:\/\/canadadubaigcc.com\/wp-content\/uploads\/2025\/09\/5K3A4593-scaled-e1758766781235-150x150.jpg 150w, https:\/\/canadadubaigcc.com\/wp-content\/uploads\/2025\/09\/5K3A4593-scaled-e1758766781235-768x768.jpg 768w, https:\/\/canadadubaigcc.com\/wp-content\/uploads\/2025\/09\/5K3A4593-scaled-e1758766781235-1536x1536.jpg 1536w, https:\/\/canadadubaigcc.com\/wp-content\/uploads\/2025\/09\/5K3A4593-scaled-e1758766781235-12x12.jpg 12w, https:\/\/canadadubaigcc.com\/wp-content\/uploads\/2025\/09\/5K3A4593-scaled-e1758766781235.jpg 1706w\" sizes=\"(max-width: 1024px) 100vw, 1024px\" \/>\n                <\/div>\n                \n                <div class=\"elementskit-box-body ekit-image-box-body\">\n                    <div class=\"elementskit-box-content ekit-image-box-body-inner\">\n                                                <h3 class=\"elementskit-info-box-title\">\n\n                        Marketing exp\u00e9rientiel\n                        \n                    <\/h3>\n                                                        <\/div>\n\n                                <div class=\"elementskit-box-footer\">\n                    <div class=\"box-footer\">\n                        <div class=\"btn-wraper\">\n                                                            <a href=\"https:\/\/www.picklecreative.ca\/experiential-marketing#\" target=\"_blank\" class=\"elementskit-btn whitespace--normal\" rel=\"noopener\">\n                                    \n                                    \n                                    En savoir plus                                <\/a>\n                                                        <\/div>\n                    <\/div>\n                <\/div>\n                            <\/div>\n            <\/div>\n    <\/div>\t\t\t\t<\/div>\n\t\t\t\t<\/div>\n\t\t\t\t<div class=\"elementor-element elementor-element-41d8a5bd ekit-equal-height-enable elementor-widget elementor-widget-elementskit-image-box\" data-id=\"41d8a5bd\" data-element_type=\"widget\" data-widget_type=\"elementskit-image-box.default\">\n\t\t\t\t<div class=\"elementor-widget-container\">\n\t\t\t\t\t<div class=\"ekit-wid-con\" >\n            <div class=\"elementskit-info-image-box ekit-image-box text-center hover_from_right hover-border-bottom\" >\n\n                \n                <div class=\"elementskit-box-header image-box-img-center\">\n\n                    <img decoding=\"async\" width=\"1024\" height=\"1024\" src=\"https:\/\/canadadubaigcc.com\/wp-content\/uploads\/2025\/09\/PICK6928-1024x1024.jpg\" class=\"attachment-large size-large wp-image-3226\" alt=\"\" srcset=\"https:\/\/canadadubaigcc.com\/wp-content\/uploads\/2025\/09\/PICK6928-1024x1024.jpg 1024w, https:\/\/canadadubaigcc.com\/wp-content\/uploads\/2025\/09\/PICK6928-300x300.jpg 300w, https:\/\/canadadubaigcc.com\/wp-content\/uploads\/2025\/09\/PICK6928-150x150.jpg 150w, https:\/\/canadadubaigcc.com\/wp-content\/uploads\/2025\/09\/PICK6928-768x768.jpg 768w, https:\/\/canadadubaigcc.com\/wp-content\/uploads\/2025\/09\/PICK6928-12x12.jpg 12w, https:\/\/canadadubaigcc.com\/wp-content\/uploads\/2025\/09\/PICK6928.jpg 1368w\" sizes=\"(max-width: 1024px) 100vw, 1024px\" \/>\n                <\/div>\n                \n                <div class=\"elementskit-box-body ekit-image-box-body\">\n                    <div class=\"elementskit-box-content ekit-image-box-body-inner\">\n                                                <h3 class=\"elementskit-info-box-title\">\n\n                        Marketing num\u00e9rique\n                        \n                    <\/h3>\n                                                        <\/div>\n\n                                <div class=\"elementskit-box-footer\">\n                    <div class=\"box-footer\">\n                        <div class=\"btn-wraper\">\n                                                            <a href=\"https:\/\/www.picklecreative.ca\/digital-marketing\" target=\"_blank\" class=\"elementskit-btn whitespace--normal\" rel=\"noopener\">\n                                    \n                                    \n                                    En savoir plus                                <\/a>\n                                                        <\/div>\n                    <\/div>\n                <\/div>\n                            <\/div>\n            <\/div>\n    <\/div>\t\t\t\t<\/div>\n\t\t\t\t<\/div>\n\t\t\t\t<div class=\"elementor-element elementor-element-41009f89 ekit-equal-height-enable elementor-widget elementor-widget-elementskit-image-box\" data-id=\"41009f89\" data-element_type=\"widget\" data-widget_type=\"elementskit-image-box.default\">\n\t\t\t\t<div class=\"elementor-widget-container\">\n\t\t\t\t\t<div class=\"ekit-wid-con\" >\n            <div class=\"elementskit-info-image-box ekit-image-box text-center hover_from_right hover-border-bottom\" >\n\n                \n                <div class=\"elementskit-box-header image-box-img-center\">\n\n                    <img decoding=\"async\" width=\"1024\" height=\"1024\" src=\"https:\/\/canadadubaigcc.com\/wp-content\/uploads\/2025\/09\/media_production-scaled-e1758766814246-1024x1024.jpg\" class=\"attachment-large size-large wp-image-3231\" alt=\"\" srcset=\"https:\/\/canadadubaigcc.com\/wp-content\/uploads\/2025\/09\/media_production-scaled-e1758766814246-1024x1024.jpg 1024w, https:\/\/canadadubaigcc.com\/wp-content\/uploads\/2025\/09\/media_production-scaled-e1758766814246-300x300.jpg 300w, https:\/\/canadadubaigcc.com\/wp-content\/uploads\/2025\/09\/media_production-scaled-e1758766814246-150x150.jpg 150w, https:\/\/canadadubaigcc.com\/wp-content\/uploads\/2025\/09\/media_production-scaled-e1758766814246-768x768.jpg 768w, https:\/\/canadadubaigcc.com\/wp-content\/uploads\/2025\/09\/media_production-scaled-e1758766814246-1536x1536.jpg 1536w, https:\/\/canadadubaigcc.com\/wp-content\/uploads\/2025\/09\/media_production-scaled-e1758766814246-12x12.jpg 12w, https:\/\/canadadubaigcc.com\/wp-content\/uploads\/2025\/09\/media_production-scaled-e1758766814246.jpg 1706w\" sizes=\"(max-width: 1024px) 100vw, 1024px\" \/>\n                <\/div>\n                \n                <div class=\"elementskit-box-body ekit-image-box-body\">\n                    <div class=\"elementskit-box-content ekit-image-box-body-inner\">\n                                                <h3 class=\"elementskit-info-box-title\">\n\n                        Production m\u00e9dia\n                        \n                    <\/h3>\n                                                        <\/div>\n\n                                <div class=\"elementskit-box-footer\">\n                    <div class=\"box-footer\">\n                        <div class=\"btn-wraper\">\n                                                            <a href=\"https:\/\/www.picklecreative.ca\/media-production\" target=\"_blank\" class=\"elementskit-btn whitespace--normal\" rel=\"noopener\">\n                                    \n                                    \n                                    En savoir plus                                <\/a>\n                                                        <\/div>\n                    <\/div>\n                <\/div>\n                            <\/div>\n            <\/div>\n    <\/div>\t\t\t\t<\/div>\n\t\t\t\t<\/div>\n\t\t\t\t<div class=\"elementor-element elementor-element-de49734 ekit-equal-height-enable elementor-widget elementor-widget-elementskit-image-box\" data-id=\"de49734\" data-element_type=\"widget\" data-widget_type=\"elementskit-image-box.default\">\n\t\t\t\t<div class=\"elementor-widget-container\">\n\t\t\t\t\t<div class=\"ekit-wid-con\" >\n            <div class=\"elementskit-info-image-box ekit-image-box text-center hover_from_right hover-border-bottom\" >\n\n                \n                <div class=\"elementskit-box-header image-box-img-center\">\n\n                    <img loading=\"lazy\" decoding=\"async\" width=\"1024\" height=\"1024\" src=\"https:\/\/canadadubaigcc.com\/wp-content\/uploads\/2025\/09\/design_graphic-scaled-e1758767164806-1024x1024.jpg\" class=\"attachment-large size-large wp-image-3230\" alt=\"\" srcset=\"https:\/\/canadadubaigcc.com\/wp-content\/uploads\/2025\/09\/design_graphic-scaled-e1758767164806-1024x1024.jpg 1024w, https:\/\/canadadubaigcc.com\/wp-content\/uploads\/2025\/09\/design_graphic-scaled-e1758767164806-300x300.jpg 300w, https:\/\/canadadubaigcc.com\/wp-content\/uploads\/2025\/09\/design_graphic-scaled-e1758767164806-150x150.jpg 150w, https:\/\/canadadubaigcc.com\/wp-content\/uploads\/2025\/09\/design_graphic-scaled-e1758767164806-768x768.jpg 768w, https:\/\/canadadubaigcc.com\/wp-content\/uploads\/2025\/09\/design_graphic-scaled-e1758767164806-1536x1536.jpg 1536w, https:\/\/canadadubaigcc.com\/wp-content\/uploads\/2025\/09\/design_graphic-scaled-e1758767164806-12x12.jpg 12w, https:\/\/canadadubaigcc.com\/wp-content\/uploads\/2025\/09\/design_graphic-scaled-e1758767164806.jpg 1706w\" sizes=\"(max-width: 1024px) 100vw, 1024px\" \/>\n                <\/div>\n                \n                <div class=\"elementskit-box-body ekit-image-box-body\">\n                    <div class=\"elementskit-box-content ekit-image-box-body-inner\">\n                                                <h3 class=\"elementskit-info-box-title\">\n\n                        Design graphique\n                        \n                    <\/h3>\n                                                        <\/div>\n\n                                <div class=\"elementskit-box-footer\">\n                    <div class=\"box-footer\">\n                        <div class=\"btn-wraper\">\n                                                            <a href=\"https:\/\/www.picklecreative.ca\/graphic-design\" target=\"_blank\" class=\"elementskit-btn whitespace--normal\" rel=\"noopener\">\n                                    \n                                    \n                                    En savoir plus                                <\/a>\n                                                        <\/div>\n                    <\/div>\n                <\/div>\n                            <\/div>\n            <\/div>\n    <\/div>\t\t\t\t<\/div>\n\t\t\t\t<\/div>\n\t\t\t\t<div class=\"elementor-element elementor-element-d05992b ekit-equal-height-enable elementor-widget elementor-widget-elementskit-image-box\" data-id=\"d05992b\" data-element_type=\"widget\" data-widget_type=\"elementskit-image-box.default\">\n\t\t\t\t<div class=\"elementor-widget-container\">\n\t\t\t\t\t<div class=\"ekit-wid-con\" >\n            <div class=\"elementskit-info-image-box ekit-image-box text-center hover_from_right hover-border-bottom\" >\n\n                \n                <div class=\"elementskit-box-header image-box-img-center\">\n\n                    <img loading=\"lazy\" decoding=\"async\" width=\"1024\" height=\"1024\" src=\"https:\/\/canadadubaigcc.com\/wp-content\/uploads\/2025\/09\/creation_web-scaled-e1758767230434-1024x1024.jpg\" class=\"attachment-large size-large wp-image-3229\" alt=\"\" srcset=\"https:\/\/canadadubaigcc.com\/wp-content\/uploads\/2025\/09\/creation_web-scaled-e1758767230434-1024x1024.jpg 1024w, https:\/\/canadadubaigcc.com\/wp-content\/uploads\/2025\/09\/creation_web-scaled-e1758767230434-300x300.jpg 300w, https:\/\/canadadubaigcc.com\/wp-content\/uploads\/2025\/09\/creation_web-scaled-e1758767230434-150x150.jpg 150w, https:\/\/canadadubaigcc.com\/wp-content\/uploads\/2025\/09\/creation_web-scaled-e1758767230434-768x768.jpg 768w, https:\/\/canadadubaigcc.com\/wp-content\/uploads\/2025\/09\/creation_web-scaled-e1758767230434-1536x1536.jpg 1536w, https:\/\/canadadubaigcc.com\/wp-content\/uploads\/2025\/09\/creation_web-scaled-e1758767230434-12x12.jpg 12w, https:\/\/canadadubaigcc.com\/wp-content\/uploads\/2025\/09\/creation_web-scaled-e1758767230434.jpg 1706w\" sizes=\"(max-width: 1024px) 100vw, 1024px\" \/>\n                <\/div>\n                \n                <div class=\"elementskit-box-body ekit-image-box-body\">\n                    <div class=\"elementskit-box-content ekit-image-box-body-inner\">\n                                                <h3 class=\"elementskit-info-box-title\">\n\n                        Cr\u00e9ation de site Web\n                        \n                    <\/h3>\n                                                        <\/div>\n\n                                <div class=\"elementskit-box-footer\">\n                    <div class=\"box-footer\">\n                        <div class=\"btn-wraper\">\n                                                            <a href=\"https:\/\/www.picklecreative.ca\/website-creation\" target=\"_blank\" class=\"elementskit-btn whitespace--normal\" rel=\"noopener\">\n                                    \n                                    \n                                    En savoir plus                                <\/a>\n                                                        <\/div>\n                    <\/div>\n                <\/div>\n                            <\/div>\n            <\/div>\n    <\/div>\t\t\t\t<\/div>\n\t\t\t\t<\/div>\n\t\t\t\t<div class=\"elementor-element elementor-element-347ef5c ekit-equal-height-enable elementor-widget elementor-widget-elementskit-image-box\" data-id=\"347ef5c\" data-element_type=\"widget\" data-widget_type=\"elementskit-image-box.default\">\n\t\t\t\t<div class=\"elementor-widget-container\">\n\t\t\t\t\t<div class=\"ekit-wid-con\" >\n            <div class=\"elementskit-info-image-box ekit-image-box text-center hover_from_right hover-border-bottom\" >\n\n                \n                <div class=\"elementskit-box-header image-box-img-center\">\n\n                    <img loading=\"lazy\" decoding=\"async\" width=\"816\" height=\"816\" src=\"https:\/\/canadadubaigcc.com\/wp-content\/uploads\/2025\/09\/services-1.jpg\" class=\"attachment-large size-large wp-image-3235\" alt=\"\" srcset=\"https:\/\/canadadubaigcc.com\/wp-content\/uploads\/2025\/09\/services-1.jpg 816w, https:\/\/canadadubaigcc.com\/wp-content\/uploads\/2025\/09\/services-1-300x300.jpg 300w, https:\/\/canadadubaigcc.com\/wp-content\/uploads\/2025\/09\/services-1-150x150.jpg 150w, https:\/\/canadadubaigcc.com\/wp-content\/uploads\/2025\/09\/services-1-768x768.jpg 768w, https:\/\/canadadubaigcc.com\/wp-content\/uploads\/2025\/09\/services-1-12x12.jpg 12w\" sizes=\"(max-width: 816px) 100vw, 816px\" \/>\n                <\/div>\n                \n                <div class=\"elementskit-box-body ekit-image-box-body\">\n                    <div class=\"elementskit-box-content ekit-image-box-body-inner\">\n                                                <h3 class=\"elementskit-info-box-title\">\n\n                        Autres services\n                        \n                    <\/h3>\n                                                        <\/div>\n\n                                <div class=\"elementskit-box-footer\">\n                    <div class=\"box-footer\">\n                        <div class=\"btn-wraper\">\n                                                            <a href=\"https:\/\/www.picklecreative.ca\/other-services#\" target=\"_blank\" class=\"elementskit-btn whitespace--normal\" rel=\"noopener\">\n                                    \n                                    \n                                    En savoir plus                                <\/a>\n                                                        <\/div>\n                    <\/div>\n                <\/div>\n                            <\/div>\n            <\/div>\n    <\/div>\t\t\t\t<\/div>\n\t\t\t\t<\/div>\n\t\t\t\t\t<\/div>\n\t\t\t\t<\/div>\n\t\t\t\t\t<\/div>\n\t\t\t\t<\/div>\n\t\t\t\t<\/div>","protected":false},"excerpt":{"rendered":"<p>MARKETING Pickle Creative Agency We\u2019re proud to partner with Pickle, a creative marketing team offering media production, graphic design, digital marketing, and more\u2014helping businesses stand out and grow. Look at their work directly on their website: picklecreative.ca CONTACT PICKLE CREATIVE AGENCY Their Services Experiential marketing Learn More Digital marketing Learn More Media production Learn More&#8230;<\/p>","protected":false},"author":1,"featured_media":0,"parent":0,"menu_order":0,"comment_status":"closed","ping_status":"closed","template":"elementor_header_footer","meta":{"_kad_post_transparent":"","_kad_post_title":"hide","_kad_post_layout":"fullwidth","_kad_post_sidebar_id":"","_kad_post_content_style":"unboxed","_kad_post_vertical_padding":"hide","_kad_post_feature":"hide","_kad_post_feature_position":"","_kad_post_header":false,"_kad_post_footer":false,"footnotes":""},"_links":{"self":[{"href":"https:\/\/canadadubaigcc.com\/fr\/wp-json\/wp\/v2\/pages\/3161"}],"collection":[{"href":"https:\/\/canadadubaigcc.com\/fr\/wp-json\/wp\/v2\/pages"}],"about":[{"href":"https:\/\/canadadubaigcc.com\/fr\/wp-json\/wp\/v2\/types\/page"}],"author":[{"embeddable":true,"href":"https:\/\/canadadubaigcc.com\/fr\/wp-json\/wp\/v2\/users\/1"}],"replies":[{"embeddable":true,"href":"https:\/\/canadadubaigcc.com\/fr\/wp-json\/wp\/v2\/comments?post=3161"}],"version-history":[{"count":0,"href":"https:\/\/canadadubaigcc.com\/fr\/wp-json\/wp\/v2\/pages\/3161\/revisions"}],"wp:attachment":[{"href":"https:\/\/canadadubaigcc.com\/fr\/wp-json\/wp\/v2\/media?parent=3161"}],"curies":[{"name":"wp","href":"https:\/\/api.w.org\/{rel}","templated":true}]}}