{"id":2794,"date":"2025-08-07T17:44:41","date_gmt":"2025-08-07T17:44:41","guid":{"rendered":"https:\/\/canadadubaigcc.com\/?page_id=2794"},"modified":"2025-11-13T19:29:20","modified_gmt":"2025-11-13T19:29:20","slug":"areas-of-activities","status":"publish","type":"page","link":"https:\/\/canadadubaigcc.com\/fr\/areas-of-activities\/","title":{"rendered":"Secteurs d'activit\u00e9s"},"content":{"rendered":"<div data-elementor-type=\"wp-page\" data-elementor-id=\"2794\" class=\"elementor elementor-2794\">\n\t\t\t\t<div class=\"elementor-element elementor-element-b7bf324 e-flex e-con-boxed e-con e-parent\" data-id=\"b7bf324\" data-element_type=\"container\">\n\t\t\t\t\t<div class=\"e-con-inner\">\n\t\t\t\t\t<\/div>\n\t\t\t\t<\/div>\n\t\t\t\t<section class=\"elementor-section elementor-top-section elementor-element elementor-element-12d2b2d6 elementor-section-height-min-height elementor-section-boxed elementor-section-height-default elementor-section-items-middle\" data-id=\"12d2b2d6\" data-element_type=\"section\" data-settings=\"{&quot;background_background&quot;:&quot;classic&quot;,&quot;shape_divider_bottom&quot;:&quot;mountains&quot;}\">\n\t\t\t\t\t\t\t<div class=\"elementor-background-overlay\"><\/div>\n\t\t\t\t\t\t<div class=\"elementor-shape elementor-shape-bottom\" data-negative=\"false\">\n\t\t\t<svg xmlns=\"http:\/\/www.w3.org\/2000\/svg\" viewbox=\"0 0 1000 100\" preserveaspectratio=\"none\">\n\t<path class=\"elementor-shape-fill\" opacity=\"0.33\" d=\"M473,67.3c-203.9,88.3-263.1-34-320.3,0C66,119.1,0,59.7,0,59.7V0h1000v59.7 c0,0-62.1,26.1-94.9,29.3c-32.8,3.3-62.8-12.3-75.8-22.1C806,49.6,745.3,8.7,694.9,4.7S492.4,59,473,67.3z\"\/>\n\t<path class=\"elementor-shape-fill\" opacity=\"0.66\" d=\"M734,67.3c-45.5,0-77.2-23.2-129.1-39.1c-28.6-8.7-150.3-10.1-254,39.1 s-91.7-34.4-149.2,0C115.7,118.3,0,39.8,0,39.8V0h1000v36.5c0,0-28.2-18.5-92.1-18.5C810.2,18.1,775.7,67.3,734,67.3z\"\/>\n\t<path class=\"elementor-shape-fill\" d=\"M766.1,28.9c-200-57.5-266,65.5-395.1,19.5C242,1.8,242,5.4,184.8,20.6C128,35.8,132.3,44.9,89.9,52.5C28.6,63.7,0,0,0,0 h1000c0,0-9.9,40.9-83.6,48.1S829.6,47,766.1,28.9z\"\/>\n<\/svg>\t\t<\/div>\n\t\t\t\t\t<div class=\"elementor-container elementor-column-gap-default\">\n\t\t\t\t\t<div class=\"elementor-column elementor-col-50 elementor-top-column elementor-element elementor-element-5b5ad86c\" data-id=\"5b5ad86c\" data-element_type=\"column\">\n\t\t\t<div class=\"elementor-widget-wrap elementor-element-populated\">\n\t\t\t\t\t\t<div class=\"elementor-element elementor-element-56a881d elementor-widget elementor-widget-heading\" data-id=\"56a881d\" data-element_type=\"widget\" data-widget_type=\"heading.default\">\n\t\t\t\t<div class=\"elementor-widget-container\">\n\t\t\t\t\t<h1 class=\"elementor-heading-title elementor-size-default\">SECTEURS D'ACTIVIT\u00c9S<\/h1>\t\t\t\t<\/div>\n\t\t\t\t<\/div>\n\t\t\t\t\t<\/div>\n\t\t<\/div>\n\t\t\t\t<div class=\"elementor-column elementor-col-50 elementor-top-column elementor-element elementor-element-4706b875 elementor-hidden-tablet elementor-hidden-phone\" data-id=\"4706b875\" data-element_type=\"column\">\n\t\t\t<div class=\"elementor-widget-wrap\">\n\t\t\t\t\t\t\t<\/div>\n\t\t<\/div>\n\t\t\t\t\t<\/div>\n\t\t<\/section>\n\t\t<div class=\"elementor-element elementor-element-674cbba e-flex e-con-boxed e-con e-parent\" data-id=\"674cbba\" data-element_type=\"container\">\n\t\t\t\t\t<div class=\"e-con-inner\">\n\t\t\t\t<div class=\"elementor-element elementor-element-614a3ed elementor-widget elementor-widget-heading\" data-id=\"614a3ed\" data-element_type=\"widget\" data-widget_type=\"heading.default\">\n\t\t\t\t<div class=\"elementor-widget-container\">\n\t\t\t\t\t<h3 class=\"elementor-heading-title elementor-size-default\">Finance<\/h3>\t\t\t\t<\/div>\n\t\t\t\t<\/div>\n\t\t\t\t\t<\/div>\n\t\t\t\t<\/div>\n\t\t<div class=\"elementor-element elementor-element-03f13cd e-flex e-con-boxed e-con e-parent\" data-id=\"03f13cd\" data-element_type=\"container\">\n\t\t\t\t\t<div class=\"e-con-inner\">\n\t\t<div class=\"elementor-element elementor-element-070cbbd e-flex e-con-boxed e-con e-child\" data-id=\"070cbbd\" data-element_type=\"container\">\n\t\t\t\t\t<div class=\"e-con-inner\">\n\t\t\t\t<div class=\"elementor-element elementor-element-aa1cad5 elementor-widget__width-initial elementor-widget elementor-widget-elementskit-heading\" data-id=\"aa1cad5\" data-element_type=\"widget\" data-widget_type=\"elementskit-heading.default\">\n\t\t\t\t<div class=\"elementor-widget-container\">\n\t\t\t\t\t<div class=\"ekit-wid-con\" ><div class=\"ekit-heading elementskit-section-title-wraper text_left   ekit_heading_tablet-   ekit_heading_mobile-\"><h2 class=\"ekit-heading--title elementskit-section-title\">Collaboration<\/h2><div class=\"ekit_heading_separetor_wraper ekit_heading_elementskit-border-divider\"><div class=\"elementskit-border-divider\"><\/div><\/div>\t\t\t\t<div class='ekit-heading__description'>\n\t\t\t\t\t<h4>Mission du <strong>Groupe Performance<\/strong> \u00e0 Duba\u00ef en collaboration avec la Chambre \u00c9conomique Canada Duba\u00ef<\/h4>\n<h4><span style=\"color: #008000\"><strong><a style=\"color: #008000\" href=\"https:\/\/buy.stripe.com\/dRmfZh7oB6uWbl99T68Ra0d\" target=\"_blank\" rel=\"noopener\">INSCRIPTION<\/a><\/strong><\/span><\/h4>\n\t\t\t\t<\/div>\n\t\t\t<\/div><\/div>\t\t\t\t<\/div>\n\t\t\t\t<\/div>\n\t\t\t\t<div class=\"elementor-element elementor-element-d98f7ee elementor-widget elementor-widget-image\" data-id=\"d98f7ee\" data-element_type=\"widget\" data-widget_type=\"image.default\">\n\t\t\t\t<div class=\"elementor-widget-container\">\n\t\t\t\t\t\t\t\t\t\t\t\t\t\t\t<img fetchpriority=\"high\" decoding=\"async\" width=\"768\" height=\"680\" src=\"https:\/\/canadadubaigcc.com\/wp-content\/uploads\/2025\/11\/group_perfo2-768x680.jpg\" class=\"attachment-medium_large size-medium_large wp-image-3452\" alt=\"\" srcset=\"https:\/\/canadadubaigcc.com\/wp-content\/uploads\/2025\/11\/group_perfo2-768x680.jpg 768w, https:\/\/canadadubaigcc.com\/wp-content\/uploads\/2025\/11\/group_perfo2-300x266.jpg 300w, https:\/\/canadadubaigcc.com\/wp-content\/uploads\/2025\/11\/group_perfo2-1024x906.jpg 1024w, https:\/\/canadadubaigcc.com\/wp-content\/uploads\/2025\/11\/group_perfo2-14x12.jpg 14w, https:\/\/canadadubaigcc.com\/wp-content\/uploads\/2025\/11\/group_perfo2.jpg 1028w\" sizes=\"(max-width: 768px) 100vw, 768px\" \/>\t\t\t\t\t\t\t\t\t\t\t\t\t\t\t<\/div>\n\t\t\t\t<\/div>\n\t\t\t\t\t<\/div>\n\t\t\t\t<\/div>\n\t\t\t\t\t<\/div>\n\t\t\t\t<\/div>\n\t\t<div class=\"elementor-element elementor-element-20e4f690 e-flex e-con-boxed e-con e-parent\" data-id=\"20e4f690\" data-element_type=\"container\">\n\t\t\t\t\t<div class=\"e-con-inner\">\n\t\t\t\t<div class=\"elementor-element elementor-element-f48fd38 elementor-widget elementor-widget-heading\" data-id=\"f48fd38\" data-element_type=\"widget\" data-widget_type=\"heading.default\">\n\t\t\t\t<div class=\"elementor-widget-container\">\n\t\t\t\t\t<h3 class=\"elementor-heading-title elementor-size-default\">Immobilier<\/h3>\t\t\t\t<\/div>\n\t\t\t\t<\/div>\n\t\t\t\t\t<\/div>\n\t\t\t\t<\/div>\n\t\t<div class=\"elementor-element elementor-element-179368f8 e-flex e-con-boxed e-con e-parent\" data-id=\"179368f8\" data-element_type=\"container\" id=\"xs_cta_style_16\">\n\t\t\t\t\t<div class=\"e-con-inner\">\n\t\t<div class=\"elementor-element elementor-element-3fa7c5bc e-flex e-con-boxed e-con e-child\" data-id=\"3fa7c5bc\" data-element_type=\"container\">\n\t\t\t\t\t<div class=\"e-con-inner\">\n\t\t\t\t<div class=\"elementor-element elementor-element-64a602e elementor-widget__width-initial elementor-widget elementor-widget-elementskit-heading\" data-id=\"64a602e\" data-element_type=\"widget\" data-widget_type=\"elementskit-heading.default\">\n\t\t\t\t<div class=\"elementor-widget-container\">\n\t\t\t\t\t<div class=\"ekit-wid-con\" ><div class=\"ekit-heading elementskit-section-title-wraper text_left   ekit_heading_tablet-   ekit_heading_mobile-\"><h2 class=\"ekit-heading--title elementskit-section-title\">\u00c0 venir en <span><span>2026<\/span><\/span><\/h2><div class=\"ekit_heading_separetor_wraper ekit_heading_elementskit-border-divider\"><div class=\"elementskit-border-divider\"><\/div><\/div><\/div><\/div>\t\t\t\t<\/div>\n\t\t\t\t<\/div>\n\t\t\t\t<div class=\"elementor-element elementor-element-83e1c98 elementor-widget elementor-widget-image\" data-id=\"83e1c98\" data-element_type=\"widget\" data-widget_type=\"image.default\">\n\t\t\t\t<div class=\"elementor-widget-container\">\n\t\t\t\t\t\t\t\t\t\t\t\t\t\t\t<img decoding=\"async\" width=\"1024\" height=\"1024\" src=\"https:\/\/canadadubaigcc.com\/wp-content\/uploads\/2025\/08\/teaser2-1024x1024.jpg\" class=\"attachment-large size-large wp-image-2942\" alt=\"\" srcset=\"https:\/\/canadadubaigcc.com\/wp-content\/uploads\/2025\/08\/teaser2-1024x1024.jpg 1024w, https:\/\/canadadubaigcc.com\/wp-content\/uploads\/2025\/08\/teaser2-300x300.jpg 300w, https:\/\/canadadubaigcc.com\/wp-content\/uploads\/2025\/08\/teaser2-150x150.jpg 150w, https:\/\/canadadubaigcc.com\/wp-content\/uploads\/2025\/08\/teaser2-768x768.jpg 768w, https:\/\/canadadubaigcc.com\/wp-content\/uploads\/2025\/08\/teaser2-1536x1536.jpg 1536w, https:\/\/canadadubaigcc.com\/wp-content\/uploads\/2025\/08\/teaser2.jpg 2000w\" sizes=\"(max-width: 1024px) 100vw, 1024px\" \/>\t\t\t\t\t\t\t\t\t\t\t\t\t\t\t<\/div>\n\t\t\t\t<\/div>\n\t\t\t\t\t<\/div>\n\t\t\t\t<\/div>\n\t\t\t\t\t<\/div>\n\t\t\t\t<\/div>\n\t\t<div class=\"elementor-element elementor-element-9ec7531 e-flex e-con-boxed e-con e-parent\" data-id=\"9ec7531\" data-element_type=\"container\">\n\t\t\t\t\t<div class=\"e-con-inner\">\n\t\t\t\t<div class=\"elementor-element elementor-element-b8130db elementor-widget elementor-widget-heading\" data-id=\"b8130db\" data-element_type=\"widget\" data-widget_type=\"heading.default\">\n\t\t\t\t<div class=\"elementor-widget-container\">\n\t\t\t\t\t<h3 class=\"elementor-heading-title elementor-size-default\">Construction<\/h3>\t\t\t\t<\/div>\n\t\t\t\t<\/div>\n\t\t\t\t\t<\/div>\n\t\t\t\t<\/div>\n\t\t<div class=\"elementor-element elementor-element-e87eb48 e-flex e-con-boxed e-con e-parent\" data-id=\"e87eb48\" data-element_type=\"container\">\n\t\t\t\t\t<div class=\"e-con-inner\">\n\t\t<div class=\"elementor-element elementor-element-55de99c e-con-full e-flex e-con e-child\" data-id=\"55de99c\" data-element_type=\"container\">\n\t\t\t\t<div class=\"elementor-element elementor-element-286ef12 elementor-widget__width-initial elementor-widget elementor-widget-elementskit-heading\" data-id=\"286ef12\" data-element_type=\"widget\" data-widget_type=\"elementskit-heading.default\">\n\t\t\t\t<div class=\"elementor-widget-container\">\n\t\t\t\t\t<div class=\"ekit-wid-con\" ><div class=\"ekit-heading elementskit-section-title-wraper text_left   ekit_heading_tablet-   ekit_heading_mobile-\"><h2 class=\"ekit-heading--title elementskit-section-title\">\u00c0 venir en <span><span>2026<\/span><\/span><\/h2><div class=\"ekit_heading_separetor_wraper ekit_heading_elementskit-border-divider\"><div class=\"elementskit-border-divider\"><\/div><\/div><\/div><\/div>\t\t\t\t<\/div>\n\t\t\t\t<\/div>\n\t\t\t\t<div class=\"elementor-element elementor-element-a8e999a elementor-widget elementor-widget-image\" data-id=\"a8e999a\" data-element_type=\"widget\" data-widget_type=\"image.default\">\n\t\t\t\t<div class=\"elementor-widget-container\">\n\t\t\t\t\t\t\t\t\t\t\t\t\t\t\t<img decoding=\"async\" width=\"1024\" height=\"1024\" src=\"https:\/\/canadadubaigcc.com\/wp-content\/uploads\/2025\/08\/teaser2-1024x1024.jpg\" class=\"attachment-large size-large wp-image-2942\" alt=\"\" srcset=\"https:\/\/canadadubaigcc.com\/wp-content\/uploads\/2025\/08\/teaser2-1024x1024.jpg 1024w, https:\/\/canadadubaigcc.com\/wp-content\/uploads\/2025\/08\/teaser2-300x300.jpg 300w, https:\/\/canadadubaigcc.com\/wp-content\/uploads\/2025\/08\/teaser2-150x150.jpg 150w, https:\/\/canadadubaigcc.com\/wp-content\/uploads\/2025\/08\/teaser2-768x768.jpg 768w, https:\/\/canadadubaigcc.com\/wp-content\/uploads\/2025\/08\/teaser2-1536x1536.jpg 1536w, https:\/\/canadadubaigcc.com\/wp-content\/uploads\/2025\/08\/teaser2.jpg 2000w\" sizes=\"(max-width: 1024px) 100vw, 1024px\" \/>\t\t\t\t\t\t\t\t\t\t\t\t\t\t\t<\/div>\n\t\t\t\t<\/div>\n\t\t\t\t<\/div>\n\t\t\t\t\t<\/div>\n\t\t\t\t<\/div>\n\t\t<div class=\"elementor-element elementor-element-2a1873de e-flex e-con-boxed e-con e-parent\" data-id=\"2a1873de\" data-element_type=\"container\">\n\t\t\t\t\t<div class=\"e-con-inner\">\n\t\t\t\t<div class=\"elementor-element elementor-element-43ba183e elementor-widget elementor-widget-heading\" data-id=\"43ba183e\" data-element_type=\"widget\" data-widget_type=\"heading.default\">\n\t\t\t\t<div class=\"elementor-widget-container\">\n\t\t\t\t\t<h3 class=\"elementor-heading-title elementor-size-default\">Technologies de l'information (TI)<\/h3>\t\t\t\t<\/div>\n\t\t\t\t<\/div>\n\t\t\t\t\t<\/div>\n\t\t\t\t<\/div>\n\t\t<div class=\"elementor-element elementor-element-2dd98b9 e-flex e-con-boxed e-con e-parent\" data-id=\"2dd98b9\" data-element_type=\"container\">\n\t\t\t\t\t<div class=\"e-con-inner\">\n\t\t<div class=\"elementor-element elementor-element-74a0d72 e-con-full e-flex e-con e-child\" data-id=\"74a0d72\" data-element_type=\"container\">\n\t\t\t\t<div class=\"elementor-element elementor-element-a9af73e elementor-widget__width-initial elementor-widget elementor-widget-elementskit-heading\" data-id=\"a9af73e\" data-element_type=\"widget\" data-widget_type=\"elementskit-heading.default\">\n\t\t\t\t<div class=\"elementor-widget-container\">\n\t\t\t\t\t<div class=\"ekit-wid-con\" ><div class=\"ekit-heading elementskit-section-title-wraper text_left   ekit_heading_tablet-   ekit_heading_mobile-\"><h2 class=\"ekit-heading--title elementskit-section-title\">\u00c0 venir en <span><span>2026<\/span><\/span><\/h2><div class=\"ekit_heading_separetor_wraper ekit_heading_elementskit-border-divider\"><div class=\"elementskit-border-divider\"><\/div><\/div><\/div><\/div>\t\t\t\t<\/div>\n\t\t\t\t<\/div>\n\t\t\t\t<div class=\"elementor-element elementor-element-59d9d30 elementor-widget elementor-widget-image\" data-id=\"59d9d30\" data-element_type=\"widget\" data-widget_type=\"image.default\">\n\t\t\t\t<div class=\"elementor-widget-container\">\n\t\t\t\t\t\t\t\t\t\t\t\t\t\t\t<img decoding=\"async\" width=\"1024\" height=\"1024\" src=\"https:\/\/canadadubaigcc.com\/wp-content\/uploads\/2025\/08\/teaser2-1024x1024.jpg\" class=\"attachment-large size-large wp-image-2942\" alt=\"\" srcset=\"https:\/\/canadadubaigcc.com\/wp-content\/uploads\/2025\/08\/teaser2-1024x1024.jpg 1024w, https:\/\/canadadubaigcc.com\/wp-content\/uploads\/2025\/08\/teaser2-300x300.jpg 300w, https:\/\/canadadubaigcc.com\/wp-content\/uploads\/2025\/08\/teaser2-150x150.jpg 150w, https:\/\/canadadubaigcc.com\/wp-content\/uploads\/2025\/08\/teaser2-768x768.jpg 768w, https:\/\/canadadubaigcc.com\/wp-content\/uploads\/2025\/08\/teaser2-1536x1536.jpg 1536w, https:\/\/canadadubaigcc.com\/wp-content\/uploads\/2025\/08\/teaser2.jpg 2000w\" sizes=\"(max-width: 1024px) 100vw, 1024px\" \/>\t\t\t\t\t\t\t\t\t\t\t\t\t\t\t<\/div>\n\t\t\t\t<\/div>\n\t\t\t\t<\/div>\n\t\t\t\t\t<\/div>\n\t\t\t\t<\/div>\n\t\t<div class=\"elementor-element elementor-element-93f3f37 e-flex e-con-boxed e-con e-parent\" data-id=\"93f3f37\" data-element_type=\"container\">\n\t\t\t\t\t<div class=\"e-con-inner\">\n\t\t\t\t<div class=\"elementor-element elementor-element-c2b5238 elementor-widget elementor-widget-heading\" data-id=\"c2b5238\" data-element_type=\"widget\" data-widget_type=\"heading.default\">\n\t\t\t\t<div class=\"elementor-widget-container\">\n\t\t\t\t\t<h3 class=\"elementor-heading-title elementor-size-default\">Service \u00e0 la client\u00e8le<\/h3>\t\t\t\t<\/div>\n\t\t\t\t<\/div>\n\t\t\t\t\t<\/div>\n\t\t\t\t<\/div>\n\t\t<div class=\"elementor-element elementor-element-c2553f4 e-flex e-con-boxed e-con e-parent\" data-id=\"c2553f4\" data-element_type=\"container\">\n\t\t\t\t\t<div class=\"e-con-inner\">\n\t\t<div class=\"elementor-element elementor-element-dc53842 e-con-full e-flex e-con e-child\" data-id=\"dc53842\" data-element_type=\"container\">\n\t\t\t\t<div class=\"elementor-element elementor-element-4a926aa elementor-widget__width-initial elementor-widget elementor-widget-elementskit-heading\" data-id=\"4a926aa\" data-element_type=\"widget\" data-widget_type=\"elementskit-heading.default\">\n\t\t\t\t<div class=\"elementor-widget-container\">\n\t\t\t\t\t<div class=\"ekit-wid-con\" ><div class=\"ekit-heading elementskit-section-title-wraper text_left   ekit_heading_tablet-   ekit_heading_mobile-\"><h2 class=\"ekit-heading--title elementskit-section-title\">\u00c0 venir en <span><span>2026<\/span><\/span><\/h2><div class=\"ekit_heading_separetor_wraper ekit_heading_elementskit-border-divider\"><div class=\"elementskit-border-divider\"><\/div><\/div><\/div><\/div>\t\t\t\t<\/div>\n\t\t\t\t<\/div>\n\t\t\t\t<div class=\"elementor-element elementor-element-ce9858b elementor-widget elementor-widget-image\" data-id=\"ce9858b\" data-element_type=\"widget\" data-widget_type=\"image.default\">\n\t\t\t\t<div class=\"elementor-widget-container\">\n\t\t\t\t\t\t\t\t\t\t\t\t\t\t\t<img decoding=\"async\" width=\"1024\" height=\"1024\" src=\"https:\/\/canadadubaigcc.com\/wp-content\/uploads\/2025\/08\/teaser2-1024x1024.jpg\" class=\"attachment-large size-large wp-image-2942\" alt=\"\" srcset=\"https:\/\/canadadubaigcc.com\/wp-content\/uploads\/2025\/08\/teaser2-1024x1024.jpg 1024w, https:\/\/canadadubaigcc.com\/wp-content\/uploads\/2025\/08\/teaser2-300x300.jpg 300w, https:\/\/canadadubaigcc.com\/wp-content\/uploads\/2025\/08\/teaser2-150x150.jpg 150w, https:\/\/canadadubaigcc.com\/wp-content\/uploads\/2025\/08\/teaser2-768x768.jpg 768w, https:\/\/canadadubaigcc.com\/wp-content\/uploads\/2025\/08\/teaser2-1536x1536.jpg 1536w, https:\/\/canadadubaigcc.com\/wp-content\/uploads\/2025\/08\/teaser2.jpg 2000w\" sizes=\"(max-width: 1024px) 100vw, 1024px\" \/>\t\t\t\t\t\t\t\t\t\t\t\t\t\t\t<\/div>\n\t\t\t\t<\/div>\n\t\t\t\t<\/div>\n\t\t\t\t\t<\/div>\n\t\t\t\t<\/div>\n\t\t<div class=\"elementor-element elementor-element-f16a8bb e-flex e-con-boxed e-con e-parent\" data-id=\"f16a8bb\" data-element_type=\"container\">\n\t\t\t\t\t<div class=\"e-con-inner\">\n\t\t\t\t<div class=\"elementor-element elementor-element-90e17ad elementor-widget elementor-widget-heading\" data-id=\"90e17ad\" data-element_type=\"widget\" data-widget_type=\"heading.default\">\n\t\t\t\t<div class=\"elementor-widget-container\">\n\t\t\t\t\t<h3 class=\"elementor-heading-title elementor-size-default\">Alimentation<\/h3>\t\t\t\t<\/div>\n\t\t\t\t<\/div>\n\t\t\t\t\t<\/div>\n\t\t\t\t<\/div>\n\t\t<div class=\"elementor-element elementor-element-e0e1127 e-flex e-con-boxed e-con e-parent\" data-id=\"e0e1127\" data-element_type=\"container\">\n\t\t\t\t\t<div class=\"e-con-inner\">\n\t\t<div class=\"elementor-element elementor-element-6b9efba e-con-full e-grid e-con e-child\" data-id=\"6b9efba\" data-element_type=\"container\">\n\t\t\t\t<div class=\"elementor-element elementor-element-56b86bb elementor-widget__width-initial elementor-widget elementor-widget-elementskit-heading\" data-id=\"56b86bb\" data-element_type=\"widget\" data-widget_type=\"elementskit-heading.default\">\n\t\t\t\t<div class=\"elementor-widget-container\">\n\t\t\t\t\t<div class=\"ekit-wid-con\" ><div class=\"ekit-heading elementskit-section-title-wraper text_left   ekit_heading_tablet-   ekit_heading_mobile-\"><h2 class=\"ekit-heading--title elementskit-section-title\">\u00c0 venir en <span><span>2026<\/span><\/span><\/h2><div class=\"ekit_heading_separetor_wraper ekit_heading_elementskit-border-divider\"><div class=\"elementskit-border-divider\"><\/div><\/div><\/div><\/div>\t\t\t\t<\/div>\n\t\t\t\t<\/div>\n\t\t\t\t<div class=\"elementor-element elementor-element-dfe477c elementor-widget elementor-widget-image\" data-id=\"dfe477c\" data-element_type=\"widget\" data-widget_type=\"image.default\">\n\t\t\t\t<div class=\"elementor-widget-container\">\n\t\t\t\t\t\t\t\t\t\t\t\t\t\t\t<img decoding=\"async\" width=\"1024\" height=\"1024\" src=\"https:\/\/canadadubaigcc.com\/wp-content\/uploads\/2025\/08\/teaser2-1024x1024.jpg\" class=\"attachment-large size-large wp-image-2942\" alt=\"\" srcset=\"https:\/\/canadadubaigcc.com\/wp-content\/uploads\/2025\/08\/teaser2-1024x1024.jpg 1024w, https:\/\/canadadubaigcc.com\/wp-content\/uploads\/2025\/08\/teaser2-300x300.jpg 300w, https:\/\/canadadubaigcc.com\/wp-content\/uploads\/2025\/08\/teaser2-150x150.jpg 150w, https:\/\/canadadubaigcc.com\/wp-content\/uploads\/2025\/08\/teaser2-768x768.jpg 768w, https:\/\/canadadubaigcc.com\/wp-content\/uploads\/2025\/08\/teaser2-1536x1536.jpg 1536w, https:\/\/canadadubaigcc.com\/wp-content\/uploads\/2025\/08\/teaser2.jpg 2000w\" sizes=\"(max-width: 1024px) 100vw, 1024px\" \/>\t\t\t\t\t\t\t\t\t\t\t\t\t\t\t<\/div>\n\t\t\t\t<\/div>\n\t\t\t\t<\/div>\n\t\t\t\t\t<\/div>\n\t\t\t\t<\/div>\n\t\t<div class=\"elementor-element elementor-element-244baf69 e-flex e-con-boxed e-con e-parent\" data-id=\"244baf69\" data-element_type=\"container\">\n\t\t\t\t\t<div class=\"e-con-inner\">\n\t\t\t\t<div class=\"elementor-element elementor-element-7e2cf830 elementor-align-center elementor-widget elementor-widget-elementskit-button\" data-id=\"7e2cf830\" data-element_type=\"widget\" data-widget_type=\"elementskit-button.default\">\n\t\t\t\t<div class=\"elementor-widget-container\">\n\t\t\t\t\t<div class=\"ekit-wid-con\" >\t\t<div class=\"ekit-btn-wraper\">\n\t\t\t\t\t\t\t<a href=\"https:\/\/canadadubaigcc.com\/fr\/contact\/\" class=\"elementskit-btn  whitespace--normal\" id=\"\">\n\t\t\t\t\tCONTACTEZ-NOUS\t\t\t\t<\/a>\n\t\t\t\t\t<\/div>\n        <\/div>\t\t\t\t<\/div>\n\t\t\t\t<\/div>\n\t\t\t\t\t<\/div>\n\t\t\t\t<\/div>\n\t\t\t\t<\/div>","protected":false},"excerpt":{"rendered":"<p>AREAS OF ACTIVITIES Finance Partnership Mission of Groupe Performance at Duba\u00ef partners with Canada Duba\u00ef Economic Chamber SIGN-UP Real Estate Coming soon in 2026 Construction Coming soon in 2026 IT (Information Technology) Coming soon in 2026 Retail Coming soon in 2026 Food industry Coming soon in 2026 CONTACT US<\/p>","protected":false},"author":1,"featured_media":0,"parent":0,"menu_order":0,"comment_status":"closed","ping_status":"closed","template":"","meta":{"_kad_post_transparent":"","_kad_post_title":"hide","_kad_post_layout":"fullwidth","_kad_post_sidebar_id":"","_kad_post_content_style":"unboxed","_kad_post_vertical_padding":"hide","_kad_post_feature":"hide","_kad_post_feature_position":"","_kad_post_header":false,"_kad_post_footer":false,"footnotes":""},"_links":{"self":[{"href":"https:\/\/canadadubaigcc.com\/fr\/wp-json\/wp\/v2\/pages\/2794"}],"collection":[{"href":"https:\/\/canadadubaigcc.com\/fr\/wp-json\/wp\/v2\/pages"}],"about":[{"href":"https:\/\/canadadubaigcc.com\/fr\/wp-json\/wp\/v2\/types\/page"}],"author":[{"embeddable":true,"href":"https:\/\/canadadubaigcc.com\/fr\/wp-json\/wp\/v2\/users\/1"}],"replies":[{"embeddable":true,"href":"https:\/\/canadadubaigcc.com\/fr\/wp-json\/wp\/v2\/comments?post=2794"}],"version-history":[{"count":0,"href":"https:\/\/canadadubaigcc.com\/fr\/wp-json\/wp\/v2\/pages\/2794\/revisions"}],"wp:attachment":[{"href":"https:\/\/canadadubaigcc.com\/fr\/wp-json\/wp\/v2\/media?parent=2794"}],"curies":[{"name":"wp","href":"https:\/\/api.w.org\/{rel}","templated":true}]}}