{"id":2544,"date":"2025-08-07T15:38:00","date_gmt":"2025-08-07T15:38:00","guid":{"rendered":"https:\/\/canadadubaigcc.com\/?page_id=2544"},"modified":"2026-03-03T20:41:06","modified_gmt":"2026-03-03T20:41:06","slug":"home","status":"publish","type":"page","link":"https:\/\/canadadubaigcc.com\/fr\/","title":{"rendered":"Accueil"},"content":{"rendered":"<div data-elementor-type=\"wp-page\" data-elementor-id=\"2544\" class=\"elementor elementor-2544\">\n\t\t\t\t<div class=\"elementor-element elementor-element-7e3a8bd6 e-con-full e-flex e-con e-parent\" data-id=\"7e3a8bd6\" data-element_type=\"container\">\n\t\t\t\t<div class=\"elementor-element elementor-element-20136eb3 e-transform elementor-widget elementor-widget-image-carousel\" data-id=\"20136eb3\" data-element_type=\"widget\" data-settings=\"{&quot;slides_to_show&quot;:&quot;1&quot;,&quot;navigation&quot;:&quot;none&quot;,&quot;effect&quot;:&quot;fade&quot;,&quot;_transform_scale_effect_mobile&quot;:{&quot;unit&quot;:&quot;px&quot;,&quot;size&quot;:2,&quot;sizes&quot;:[]},&quot;autoplay&quot;:&quot;yes&quot;,&quot;autoplay_speed&quot;:5000,&quot;infinite&quot;:&quot;yes&quot;,&quot;speed&quot;:500,&quot;_transform_scale_effect&quot;:{&quot;unit&quot;:&quot;px&quot;,&quot;size&quot;:&quot;&quot;,&quot;sizes&quot;:[]},&quot;_transform_scale_effect_tablet&quot;:{&quot;unit&quot;:&quot;px&quot;,&quot;size&quot;:&quot;&quot;,&quot;sizes&quot;:[]}}\" data-widget_type=\"image-carousel.default\">\n\t\t\t\t<div class=\"elementor-widget-container\">\n\t\t\t\t\t\t\t<div class=\"elementor-image-carousel-wrapper swiper\" role=\"region\" aria-roledescription=\"carousel\" aria-label=\"Image Carousel\" dir=\"ltr\">\n\t\t\t<div class=\"elementor-image-carousel swiper-wrapper swiper-image-stretch\" aria-live=\"off\">\n\t\t\t\t\t\t\t\t<div class=\"swiper-slide\" role=\"group\" aria-roledescription=\"slide\" aria-label=\"1 of 7\"><figure class=\"swiper-slide-inner\"><img decoding=\"async\" class=\"swiper-slide-image\" src=\"https:\/\/canadadubaigcc.com\/wp-content\/uploads\/2025\/07\/BanniereCanadaDubai2-1-scaled.jpg\" alt=\"BanniereCanadaDubai2\" \/><\/figure><\/div><div class=\"swiper-slide\" role=\"group\" aria-roledescription=\"slide\" aria-label=\"2 of 7\"><figure class=\"swiper-slide-inner\"><img decoding=\"async\" class=\"swiper-slide-image\" src=\"https:\/\/canadadubaigcc.com\/wp-content\/uploads\/2025\/07\/dubai_ville-scaled.jpg\" alt=\"dubai_ville\" \/><\/figure><\/div><div class=\"swiper-slide\" role=\"group\" aria-roledescription=\"slide\" aria-label=\"3 of 7\"><figure class=\"swiper-slide-inner\"><img decoding=\"async\" class=\"swiper-slide-image\" src=\"https:\/\/canadadubaigcc.com\/wp-content\/uploads\/2025\/08\/Banner_mtl1-scaled.jpg\" alt=\"Banner_mtl1\" \/><\/figure><\/div><div class=\"swiper-slide\" role=\"group\" aria-roledescription=\"slide\" aria-label=\"4 of 7\"><figure class=\"swiper-slide-inner\"><img decoding=\"async\" class=\"swiper-slide-image\" src=\"https:\/\/canadadubaigcc.com\/wp-content\/uploads\/2025\/07\/dubai_ville3-scaled.jpg\" alt=\"dubai_ville3\" \/><\/figure><\/div><div class=\"swiper-slide\" role=\"group\" aria-roledescription=\"slide\" aria-label=\"5 of 7\"><figure class=\"swiper-slide-inner\"><img decoding=\"async\" class=\"swiper-slide-image\" src=\"https:\/\/canadadubaigcc.com\/wp-content\/uploads\/2025\/08\/Banner_toronto-scaled.jpg\" alt=\"Banner_toronto\" \/><\/figure><\/div><div class=\"swiper-slide\" role=\"group\" aria-roledescription=\"slide\" aria-label=\"6 of 7\"><figure class=\"swiper-slide-inner\"><img decoding=\"async\" class=\"swiper-slide-image\" src=\"https:\/\/canadadubaigcc.com\/wp-content\/uploads\/2025\/08\/Banner_mtl2-scaled.jpg\" alt=\"Banner_mtl2\" \/><\/figure><\/div><div class=\"swiper-slide\" role=\"group\" aria-roledescription=\"slide\" aria-label=\"7 of 7\"><figure class=\"swiper-slide-inner\"><img decoding=\"async\" class=\"swiper-slide-image\" src=\"https:\/\/canadadubaigcc.com\/wp-content\/uploads\/2025\/07\/dubai_ville4-scaled.jpg\" alt=\"dubai_ville4\" \/><\/figure><\/div>\t\t\t<\/div>\n\t\t\t\t\t\t\t\n\t\t\t\t\t\t\t\t\t<\/div>\n\t\t\t\t\t\t<\/div>\n\t\t\t\t<\/div>\n\t\t\t\t<\/div>\n\t\t<div class=\"elementor-element elementor-element-7b978e02 e-flex e-con-boxed e-con e-parent\" data-id=\"7b978e02\" data-element_type=\"container\">\n\t\t\t\t\t<div class=\"e-con-inner\">\n\t\t<div class=\"elementor-element elementor-element-41947256 e-flex e-con-boxed e-con e-child\" data-id=\"41947256\" data-element_type=\"container\">\n\t\t\t\t\t<div class=\"e-con-inner\">\n\t\t\t\t<div class=\"elementor-element elementor-element-40b8a43 elementor-widget__width-initial elementor-widget elementor-widget-heading\" data-id=\"40b8a43\" data-element_type=\"widget\" data-widget_type=\"heading.default\">\n\t\t\t\t<div class=\"elementor-widget-container\">\n\t\t\t\t\t<h2 class=\"elementor-heading-title elementor-size-default\">La Chambre \u00e9conomique Canada Duba\u00ef GCC est une plateforme de premier plan en mati\u00e8re de leadership \u00e9clair\u00e9, r\u00e9unissant des dirigeants d\u2019entreprise, des entrepreneurs et des parties prenantes du Canada, de Duba\u00ef et de la r\u00e9gion du CCG. Notre mission est d\u2019identifier et de r\u00e9soudre les obstacles au commerce et \u00e0 l\u2019investissement entre ces parties.<\/h2>\t\t\t\t<\/div>\n\t\t\t\t<\/div>\n\t\t\t\t\t<\/div>\n\t\t\t\t<\/div>\n\t\t\t\t\t<\/div>\n\t\t\t\t<\/div>\n\t\t\t\t<section class=\"elementor-section elementor-top-section elementor-element elementor-element-1d42431a elementor-section-boxed elementor-section-height-default elementor-section-height-default\" data-id=\"1d42431a\" data-element_type=\"section\">\n\t\t\t\t\t\t<div class=\"elementor-container elementor-column-gap-default\">\n\t\t\t\t\t<div class=\"elementor-column elementor-col-50 elementor-top-column elementor-element elementor-element-451acb elementor-invisible\" data-id=\"451acb\" data-element_type=\"column\" data-settings=\"{&quot;animation&quot;:&quot;fadeIn&quot;,&quot;animation_delay&quot;:300}\">\n\t\t\t<div class=\"elementor-widget-wrap elementor-element-populated\">\n\t\t\t\t\t\t<div class=\"elementor-element elementor-element-54d7cb74 elementor-widget elementor-widget-heading\" data-id=\"54d7cb74\" data-element_type=\"widget\" data-widget_type=\"heading.default\">\n\t\t\t\t<div class=\"elementor-widget-container\">\n\t\t\t\t\t<h2 class=\"elementor-heading-title elementor-size-default\">La Chambre \u00e9conomique Canada-Duba\u00ef GCC<\/h2>\t\t\t\t<\/div>\n\t\t\t\t<\/div>\n\t\t\t\t<div class=\"elementor-element elementor-element-63367538 elementor-widget elementor-widget-text-editor\" data-id=\"63367538\" data-element_type=\"widget\" data-widget_type=\"text-editor.default\">\n\t\t\t\t<div class=\"elementor-widget-container\">\n\t\t\t\t\t\t\t\t\t<p>Par le biais de campagnes dynamiques, d\u2019\u00e9v\u00e9nements marquants et de m\u00e9moires strat\u00e9giques pertinents, nous nous effor\u00e7ons de mettre en lumi\u00e8re les tendances \u00e9mergentes et de favoriser des partenariats commerciaux plus \u00e9troits.<\/p><p>Guid\u00e9s par un comit\u00e9 consultatif compos\u00e9 de leaders d\u2019affaires et d\u2019universitaires de renom, nous restons fid\u00e8les \u00e0 notre approche ax\u00e9e sur les membres. Nos activit\u00e9s sont enti\u00e8rement financ\u00e9es par nos membres et soutenues par un Secr\u00e9tariat conjoint, strat\u00e9giquement situ\u00e9 dans les deux pays. Ce Secr\u00e9tariat agit comme un d\u00e9fenseur d\u00e9di\u00e9 des int\u00e9r\u00eats de nos entreprises membres des \u00c9mirats arabes unis et du Canada, ainsi que de leurs parties prenantes.<\/p><p>Agissant comme un pont entre le dialogue et l\u2019action, nous collaborons \u00e9troitement avec les deux gouvernements pour faire avancer des objectifs communs visant \u00e0 renforcer les relations bilat\u00e9rales en mati\u00e8re de commerce et d\u2019investissement.<\/p>\t\t\t\t\t\t\t\t<\/div>\n\t\t\t\t<\/div>\n\t\t\t\t\t<\/div>\n\t\t<\/div>\n\t\t\t\t<div class=\"elementor-column elementor-col-50 elementor-top-column elementor-element elementor-element-15a5a6b5\" data-id=\"15a5a6b5\" data-element_type=\"column\">\n\t\t\t<div class=\"elementor-widget-wrap elementor-element-populated\">\n\t\t\t\t\t\t<div class=\"elementor-element elementor-element-603e25fb elementor-widget elementor-widget-image\" data-id=\"603e25fb\" data-element_type=\"widget\" data-widget_type=\"image.default\">\n\t\t\t\t<div class=\"elementor-widget-container\">\n\t\t\t\t\t\t\t\t\t\t\t\t\t\t\t<img fetchpriority=\"high\" decoding=\"async\" width=\"2048\" height=\"1548\" src=\"https:\/\/canadadubaigcc.com\/wp-content\/uploads\/2025\/07\/Groupe-scaled-e1755543909563-2048x1548.jpg\" class=\"attachment-2048x2048 size-2048x2048 wp-image-3084\" alt=\"\" srcset=\"https:\/\/canadadubaigcc.com\/wp-content\/uploads\/2025\/07\/Groupe-scaled-e1755543909563-2048x1548.jpg 2048w, https:\/\/canadadubaigcc.com\/wp-content\/uploads\/2025\/07\/Groupe-scaled-e1755543909563-300x227.jpg 300w, https:\/\/canadadubaigcc.com\/wp-content\/uploads\/2025\/07\/Groupe-scaled-e1755543909563-1024x774.jpg 1024w, https:\/\/canadadubaigcc.com\/wp-content\/uploads\/2025\/07\/Groupe-scaled-e1755543909563-768x581.jpg 768w, https:\/\/canadadubaigcc.com\/wp-content\/uploads\/2025\/07\/Groupe-scaled-e1755543909563-1536x1161.jpg 1536w, https:\/\/canadadubaigcc.com\/wp-content\/uploads\/2025\/07\/Groupe-scaled-e1755543909563-16x12.jpg 16w\" sizes=\"(max-width: 2048px) 100vw, 2048px\" \/>\t\t\t\t\t\t\t\t\t\t\t\t\t\t\t<\/div>\n\t\t\t\t<\/div>\n\t\t\t\t\t<\/div>\n\t\t<\/div>\n\t\t\t\t\t<\/div>\n\t\t<\/section>\n\t\t\t\t<section class=\"elementor-section elementor-top-section elementor-element elementor-element-2e85a47 elementor-section-boxed elementor-section-height-default elementor-section-height-default\" data-id=\"2e85a47\" data-element_type=\"section\">\n\t\t\t\t\t\t<div class=\"elementor-container elementor-column-gap-default\">\n\t\t\t\t\t<div class=\"elementor-column elementor-col-50 elementor-top-column elementor-element elementor-element-ce4a8ac\" data-id=\"ce4a8ac\" data-element_type=\"column\">\n\t\t\t<div class=\"elementor-widget-wrap elementor-element-populated\">\n\t\t\t\t\t\t<div class=\"elementor-element elementor-element-f6553e8 elementor-arrows-position-inside elementor-pagination-position-outside elementor-widget elementor-widget-image-carousel\" data-id=\"f6553e8\" data-element_type=\"widget\" data-settings=\"{&quot;slides_to_show&quot;:&quot;1&quot;,&quot;navigation&quot;:&quot;both&quot;,&quot;autoplay&quot;:&quot;yes&quot;,&quot;pause_on_interaction&quot;:&quot;yes&quot;,&quot;autoplay_speed&quot;:5000,&quot;infinite&quot;:&quot;yes&quot;,&quot;effect&quot;:&quot;slide&quot;,&quot;speed&quot;:500}\" data-widget_type=\"image-carousel.default\">\n\t\t\t\t<div class=\"elementor-widget-container\">\n\t\t\t\t\t\t\t<div class=\"elementor-image-carousel-wrapper swiper\" role=\"region\" aria-roledescription=\"carousel\" aria-label=\"Image Carousel\" dir=\"ltr\">\n\t\t\t<div class=\"elementor-image-carousel swiper-wrapper\" aria-live=\"off\">\n\t\t\t\t\t\t\t\t<div class=\"swiper-slide\" role=\"group\" aria-roledescription=\"slide\" aria-label=\"1 of 9\"><figure class=\"swiper-slide-inner\"><img decoding=\"async\" class=\"swiper-slide-image\" src=\"https:\/\/canadadubaigcc.com\/wp-content\/uploads\/2026\/03\/candub1.png\" alt=\"candub1\" \/><\/figure><\/div><div class=\"swiper-slide\" role=\"group\" aria-roledescription=\"slide\" aria-label=\"2 of 9\"><figure class=\"swiper-slide-inner\"><img decoding=\"async\" class=\"swiper-slide-image\" src=\"https:\/\/canadadubaigcc.com\/wp-content\/uploads\/2026\/03\/candub2.png\" alt=\"candub2\" \/><\/figure><\/div><div class=\"swiper-slide\" role=\"group\" aria-roledescription=\"slide\" aria-label=\"3 of 9\"><figure class=\"swiper-slide-inner\"><img decoding=\"async\" class=\"swiper-slide-image\" src=\"https:\/\/canadadubaigcc.com\/wp-content\/uploads\/2026\/03\/candub3.png\" alt=\"candub3\" \/><\/figure><\/div><div class=\"swiper-slide\" role=\"group\" aria-roledescription=\"slide\" aria-label=\"4 of 9\"><figure class=\"swiper-slide-inner\"><img decoding=\"async\" class=\"swiper-slide-image\" src=\"https:\/\/canadadubaigcc.com\/wp-content\/uploads\/2026\/03\/candub4.png\" alt=\"candub4\" \/><\/figure><\/div><div class=\"swiper-slide\" role=\"group\" aria-roledescription=\"slide\" aria-label=\"5 of 9\"><figure class=\"swiper-slide-inner\"><img decoding=\"async\" class=\"swiper-slide-image\" src=\"https:\/\/canadadubaigcc.com\/wp-content\/uploads\/2026\/03\/candub5.png\" alt=\"candub5\" \/><\/figure><\/div><div class=\"swiper-slide\" role=\"group\" aria-roledescription=\"slide\" aria-label=\"6 of 9\"><figure class=\"swiper-slide-inner\"><img decoding=\"async\" class=\"swiper-slide-image\" src=\"https:\/\/canadadubaigcc.com\/wp-content\/uploads\/2026\/03\/candub6.png\" alt=\"candub6\" \/><\/figure><\/div><div class=\"swiper-slide\" role=\"group\" aria-roledescription=\"slide\" aria-label=\"7 of 9\"><figure class=\"swiper-slide-inner\"><img decoding=\"async\" class=\"swiper-slide-image\" src=\"https:\/\/canadadubaigcc.com\/wp-content\/uploads\/2026\/03\/candub7.png\" alt=\"candub7\" \/><\/figure><\/div><div class=\"swiper-slide\" role=\"group\" aria-roledescription=\"slide\" aria-label=\"8 of 9\"><figure class=\"swiper-slide-inner\"><img decoding=\"async\" class=\"swiper-slide-image\" src=\"https:\/\/canadadubaigcc.com\/wp-content\/uploads\/2026\/03\/candub8.png\" alt=\"candub8\" \/><\/figure><\/div><div class=\"swiper-slide\" role=\"group\" aria-roledescription=\"slide\" aria-label=\"9 of 9\"><figure class=\"swiper-slide-inner\"><img decoding=\"async\" class=\"swiper-slide-image\" src=\"https:\/\/canadadubaigcc.com\/wp-content\/uploads\/2026\/03\/candub9.png\" alt=\"candub9\" \/><\/figure><\/div>\t\t\t<\/div>\n\t\t\t\t\t\t\t\t\t\t\t\t<div class=\"elementor-swiper-button elementor-swiper-button-prev\" role=\"button\" tabindex=\"0\">\n\t\t\t\t\t\t<svg aria-hidden=\"true\" class=\"e-font-icon-svg e-eicon-chevron-left\" viewbox=\"0 0 1000 1000\" xmlns=\"http:\/\/www.w3.org\/2000\/svg\"><path d=\"M646 125C629 125 613 133 604 142L308 442C296 454 292 471 292 487 292 504 296 521 308 533L604 854C617 867 629 875 646 875 663 875 679 871 692 858 704 846 713 829 713 812 713 796 708 779 692 767L438 487 692 225C700 217 708 204 708 187 708 171 704 154 692 142 675 129 663 125 646 125Z\"><\/path><\/svg>\t\t\t\t\t<\/div>\n\t\t\t\t\t<div class=\"elementor-swiper-button elementor-swiper-button-next\" role=\"button\" tabindex=\"0\">\n\t\t\t\t\t\t<svg aria-hidden=\"true\" class=\"e-font-icon-svg e-eicon-chevron-right\" viewbox=\"0 0 1000 1000\" xmlns=\"http:\/\/www.w3.org\/2000\/svg\"><path d=\"M696 533C708 521 713 504 713 487 713 471 708 454 696 446L400 146C388 133 375 125 354 125 338 125 325 129 313 142 300 154 292 171 292 187 292 204 296 221 308 233L563 492 304 771C292 783 288 800 288 817 288 833 296 850 308 863 321 871 338 875 354 875 371 875 388 867 400 854L696 533Z\"><\/path><\/svg>\t\t\t\t\t<\/div>\n\t\t\t\t\n\t\t\t\t\t\t\t\t\t<div class=\"swiper-pagination\"><\/div>\n\t\t\t\t\t\t\t\t\t<\/div>\n\t\t\t\t\t\t<\/div>\n\t\t\t\t<\/div>\n\t\t\t\t\t<\/div>\n\t\t<\/div>\n\t\t\t\t<div class=\"elementor-column elementor-col-50 elementor-top-column elementor-element elementor-element-9748a3b elementor-invisible\" data-id=\"9748a3b\" data-element_type=\"column\" data-settings=\"{&quot;animation&quot;:&quot;fadeIn&quot;,&quot;animation_delay&quot;:300}\">\n\t\t\t<div class=\"elementor-widget-wrap elementor-element-populated\">\n\t\t\t\t\t\t<div class=\"elementor-element elementor-element-fd50885 elementor-widget elementor-widget-heading\" data-id=\"fd50885\" data-element_type=\"widget\" data-widget_type=\"heading.default\">\n\t\t\t\t<div class=\"elementor-widget-container\">\n\t\t\t\t\t<h4 class=\"elementor-heading-title elementor-size-default\">Une mission \u00e0 succ\u00e8s<\/h4>\t\t\t\t<\/div>\n\t\t\t\t<\/div>\n\t\t\t\t<div class=\"elementor-element elementor-element-297e384 elementor-widget elementor-widget-text-editor\" data-id=\"297e384\" data-element_type=\"widget\" data-widget_type=\"text-editor.default\">\n\t\t\t\t<div class=\"elementor-widget-container\">\n\t\t\t\t\t\t\t\t\t<div>Dans le cadre d\u2019une mission organis\u00e9e par la Chambre \u00e9conomique Canada\u2013Duba\u00ef, une d\u00e9l\u00e9gation d\u2019entrepreneurs qu\u00e9b\u00e9cois s\u2019est envol\u00e9e le 15 f\u00e9vrier pour une semaine strat\u00e9gique \u00e0 Duba\u00ef.<\/div><div>\u00a0<\/div><div>Cette mission s\u2019est conclue par plus de 70 rencontres B2B et plusieurs ententes contractuelles actuellement en pr\u00e9paration.<\/div><div>\u00a0<\/div><div>Les retomb\u00e9es concr\u00e8tes touchent plusieurs secteurs cl\u00e9s :<\/div><div>Secteur minier : d\u00e9veloppement de partenariats pour la structuration et la commercialisation internationale de projets li\u00e9s aux m\u00e9taux strat\u00e9giques et aux ressources naturelles.<\/div><div>Arts et culture : discussions avanc\u00e9es pour la repr\u00e9sentation et la mise en march\u00e9 d\u2019\u0153uvres et de collections sur les march\u00e9s du Moyen-Orient.<\/div><div>Commodit\u00e9s et commerce international : n\u00e9gociations en cours concernant des accords d\u2019approvisionnement et de distribution entre partenaires canadiens, africains et \u00e9miratis.<\/div><div>Sports et infrastructures sportives : \u00e9changes pour le d\u00e9veloppement de collaborations dans l\u2019organisation d\u2019\u00e9v\u00e9nements, la gestion d\u2019installations et le financement de projets sportifs.<\/div><div>\u00a0<\/div><div>Cette mission a permis de renforcer les passerelles \u00e9conomiques entre le Canada, l\u2019Afrique et Duba\u00ef, dans un cadre structur\u00e9 et institutionnel.<\/div><div>\u00a0<\/div><div>En collaboration avec Le Groupe Performance, la prochaine mission se tiendra du 30 avril au 7 mai 2026.<\/div>\t\t\t\t\t\t\t\t<\/div>\n\t\t\t\t<\/div>\n\t\t\t\t\t<\/div>\n\t\t<\/div>\n\t\t\t\t\t<\/div>\n\t\t<\/section>\n\t\t<div class=\"elementor-element elementor-element-1c89b02d e-flex e-con-boxed e-con e-parent\" data-id=\"1c89b02d\" data-element_type=\"container\" id=\"xs_cta_style_15\" data-settings=\"{&quot;background_background&quot;:&quot;classic&quot;}\">\n\t\t\t\t\t<div class=\"e-con-inner\">\n\t\t\t\t<div class=\"elementor-element elementor-element-479e64a6 elementor-widget elementor-widget-elementskit-heading\" data-id=\"479e64a6\" data-element_type=\"widget\" data-widget_type=\"elementskit-heading.default\">\n\t\t\t\t<div class=\"elementor-widget-container\">\n\t\t\t\t\t<div class=\"ekit-wid-con\" ><div class=\"ekit-heading elementskit-section-title-wraper text_center   ekit_heading_tablet-   ekit_heading_mobile-\"><h2 class=\"ekit-heading--title elementskit-section-title\">Derni\u00e8res nouvelles et \u00e9v\u00e9nements \u00e0 venir<\/h2><\/div><\/div>\t\t\t\t<\/div>\n\t\t\t\t<\/div>\n\t\t<div class=\"elementor-element elementor-element-8c6bcf1 e-con-full e-flex e-con e-child\" data-id=\"8c6bcf1\" data-element_type=\"container\" data-settings=\"{&quot;background_background&quot;:&quot;classic&quot;}\">\n\t\t\t\t<div class=\"elementor-element elementor-element-47417d14 elementor-widget elementor-widget-elementskit-heading\" data-id=\"47417d14\" data-element_type=\"widget\" data-widget_type=\"elementskit-heading.default\">\n\t\t\t\t<div class=\"elementor-widget-container\">\n\t\t\t\t\t<div class=\"ekit-wid-con\" ><div class=\"ekit-heading elementskit-section-title-wraper text_left   ekit_heading_tablet-   ekit_heading_mobile-\"><a href=\"https:\/\/canadadubaigcc.com\/fr\/news\/\"><h2 class=\"ekit-heading--title elementskit-section-title\">Voir notre page <span><span>Nouvelles<\/span><\/span> et restez inform\u00e9s<\/h2><\/a>\t\t\t\t<div class='ekit-heading__description'>\n\t\t\t\t\t<h5>Latest news from Canada and Duba\u00ef<\/h5>\n\t\t\t\t<\/div>\n\t\t\t<\/div><\/div>\t\t\t\t<\/div>\n\t\t\t\t<\/div>\n\t\t\t\t<div class=\"elementor-element elementor-element-2088c1ef elementor-align-right elementor-align--mobilecenter elementor-widget-tablet__width-initial elementor-widget-mobile__width-auto elementor-widget elementor-widget-elementskit-button\" data-id=\"2088c1ef\" data-element_type=\"widget\" data-widget_type=\"elementskit-button.default\">\n\t\t\t\t<div class=\"elementor-widget-container\">\n\t\t\t\t\t<div class=\"ekit-wid-con\" >\t\t<div class=\"ekit-btn-wraper\">\n\t\t\t\t\t\t\t<a href=\"https:\/\/canadadubaigcc.com\/fr\/news\/\" class=\"elementskit-btn  whitespace--normal\" id=\"\">\n\t\t\t\t\tPAGE NOUVELLES<i class=\"fasicon icon-right-arrow\"><\/i>\t\t\t\t<\/a>\n\t\t\t\t\t<\/div>\n        <\/div>\t\t\t\t<\/div>\n\t\t\t\t<\/div>\n\t\t\t\t<\/div>\n\t\t\t\t\t<\/div>\n\t\t\t\t<\/div>\n\t\t\t\t<\/div>","protected":false},"excerpt":{"rendered":"<p>The Canada Dubai GCC Economic Chamber is a premier thought leadership platform, uniting senior business figures, entrepreneurs, and stakeholders from Canada, Dubai, and the GCC region. Our mission is to pinpoint and resolve trade and investment obstacles between these parties. The Canada Dubai GCC Economic Chamber Through dynamic campaigns, impactful events, and insightful policy papers,&#8230;<\/p>","protected":false},"author":1,"featured_media":0,"parent":0,"menu_order":0,"comment_status":"closed","ping_status":"closed","template":"","meta":{"_kad_post_transparent":"","_kad_post_title":"hide","_kad_post_layout":"fullwidth","_kad_post_sidebar_id":"","_kad_post_content_style":"unboxed","_kad_post_vertical_padding":"hide","_kad_post_feature":"hide","_kad_post_feature_position":"","_kad_post_header":false,"_kad_post_footer":false,"footnotes":""},"_links":{"self":[{"href":"https:\/\/canadadubaigcc.com\/fr\/wp-json\/wp\/v2\/pages\/2544"}],"collection":[{"href":"https:\/\/canadadubaigcc.com\/fr\/wp-json\/wp\/v2\/pages"}],"about":[{"href":"https:\/\/canadadubaigcc.com\/fr\/wp-json\/wp\/v2\/types\/page"}],"author":[{"embeddable":true,"href":"https:\/\/canadadubaigcc.com\/fr\/wp-json\/wp\/v2\/users\/1"}],"replies":[{"embeddable":true,"href":"https:\/\/canadadubaigcc.com\/fr\/wp-json\/wp\/v2\/comments?post=2544"}],"version-history":[{"count":0,"href":"https:\/\/canadadubaigcc.com\/fr\/wp-json\/wp\/v2\/pages\/2544\/revisions"}],"wp:attachment":[{"href":"https:\/\/canadadubaigcc.com\/fr\/wp-json\/wp\/v2\/media?parent=2544"}],"curies":[{"name":"wp","href":"https:\/\/api.w.org\/{rel}","templated":true}]}}