{"id":2501,"date":"2025-08-07T18:12:11","date_gmt":"2025-08-07T18:12:11","guid":{"rendered":"https:\/\/canadadubaigcc.com\/?page_id=2501"},"modified":"2026-03-04T21:14:09","modified_gmt":"2026-03-04T21:14:09","slug":"news","status":"publish","type":"page","link":"https:\/\/canadadubaigcc.com\/fr\/news\/","title":{"rendered":"Nouvelles"},"content":{"rendered":"<div data-elementor-type=\"wp-page\" data-elementor-id=\"2501\" class=\"elementor elementor-2501\">\n\t\t\t\t\t\t<section class=\"elementor-section elementor-top-section elementor-element elementor-element-3cc9726c elementor-section-height-min-height elementor-section-boxed elementor-section-height-default elementor-section-items-middle\" data-id=\"3cc9726c\" data-element_type=\"section\" data-settings=\"{&quot;background_background&quot;:&quot;classic&quot;,&quot;shape_divider_bottom&quot;:&quot;mountains&quot;}\">\n\t\t\t\t\t\t\t<div class=\"elementor-background-overlay\"><\/div>\n\t\t\t\t\t\t<div class=\"elementor-shape elementor-shape-bottom\" data-negative=\"false\">\n\t\t\t<svg xmlns=\"http:\/\/www.w3.org\/2000\/svg\" viewbox=\"0 0 1000 100\" preserveaspectratio=\"none\">\n\t<path class=\"elementor-shape-fill\" opacity=\"0.33\" d=\"M473,67.3c-203.9,88.3-263.1-34-320.3,0C66,119.1,0,59.7,0,59.7V0h1000v59.7 c0,0-62.1,26.1-94.9,29.3c-32.8,3.3-62.8-12.3-75.8-22.1C806,49.6,745.3,8.7,694.9,4.7S492.4,59,473,67.3z\"\/>\n\t<path class=\"elementor-shape-fill\" opacity=\"0.66\" d=\"M734,67.3c-45.5,0-77.2-23.2-129.1-39.1c-28.6-8.7-150.3-10.1-254,39.1 s-91.7-34.4-149.2,0C115.7,118.3,0,39.8,0,39.8V0h1000v36.5c0,0-28.2-18.5-92.1-18.5C810.2,18.1,775.7,67.3,734,67.3z\"\/>\n\t<path class=\"elementor-shape-fill\" d=\"M766.1,28.9c-200-57.5-266,65.5-395.1,19.5C242,1.8,242,5.4,184.8,20.6C128,35.8,132.3,44.9,89.9,52.5C28.6,63.7,0,0,0,0 h1000c0,0-9.9,40.9-83.6,48.1S829.6,47,766.1,28.9z\"\/>\n<\/svg>\t\t<\/div>\n\t\t\t\t\t<div class=\"elementor-container elementor-column-gap-default\">\n\t\t\t\t\t<div class=\"elementor-column elementor-col-50 elementor-top-column elementor-element elementor-element-158422ca\" data-id=\"158422ca\" data-element_type=\"column\">\n\t\t\t<div class=\"elementor-widget-wrap elementor-element-populated\">\n\t\t\t\t\t\t<div class=\"elementor-element elementor-element-32353509 elementor-widget elementor-widget-heading\" data-id=\"32353509\" data-element_type=\"widget\" data-widget_type=\"heading.default\">\n\t\t\t\t<div class=\"elementor-widget-container\">\n\t\t\t\t\t<h1 class=\"elementor-heading-title elementor-size-default\">NOUVELLES<\/h1>\t\t\t\t<\/div>\n\t\t\t\t<\/div>\n\t\t\t\t\t<\/div>\n\t\t<\/div>\n\t\t\t\t<div class=\"elementor-column elementor-col-50 elementor-top-column elementor-element elementor-element-47f522b elementor-hidden-tablet elementor-hidden-phone\" data-id=\"47f522b\" data-element_type=\"column\">\n\t\t\t<div class=\"elementor-widget-wrap\">\n\t\t\t\t\t\t\t<\/div>\n\t\t<\/div>\n\t\t\t\t\t<\/div>\n\t\t<\/section>\n\t\t<div class=\"elementor-element elementor-element-b26fad6 e-flex e-con-boxed e-con e-parent\" data-id=\"b26fad6\" data-element_type=\"container\">\n\t\t\t\t\t<div class=\"e-con-inner\">\n\t\t\t\t<div class=\"elementor-element elementor-element-f6456ce elementor-widget elementor-widget-heading\" data-id=\"f6456ce\" data-element_type=\"widget\" data-widget_type=\"heading.default\">\n\t\t\t\t<div class=\"elementor-widget-container\">\n\t\t\t\t\t<h3 class=\"elementor-heading-title elementor-size-default\">De Canada \u00e0 Duba\u00ef<\/h3>\t\t\t\t<\/div>\n\t\t\t\t<\/div>\n\t\t\t\t<div class=\"elementor-element elementor-element-1086b1e elementor-widget elementor-widget-text-editor\" data-id=\"1086b1e\" data-element_type=\"widget\" data-widget_type=\"text-editor.default\">\n\t\t\t\t<div class=\"elementor-widget-container\">\n\t\t\t\t\t\t\t\t\t<p style=\"text-align: center;\">Vincent a pass\u00e9 une semaine de travail \u00e0 Duba\u00ef afin d\u2019orchestrer la mission de janvier, en collaboration avec les membres du comit\u00e9 aviseur et l\u2019\u00e9quipe de coordination de la Chambre. Cette visite a permis de tenir plusieurs rencontres enrichissantes ainsi que des sessions de travail prospectives, pr\u00e9parant le terrain pour de nouvelles opportunit\u00e9s entre le Canada et la r\u00e9gion de Duba\u00ef.<\/p>\t\t\t\t\t\t\t\t<\/div>\n\t\t\t\t<\/div>\n\t\t\t\t<div class=\"elementor-element elementor-element-b19384d elementor-widget elementor-widget-image-gallery\" data-id=\"b19384d\" data-element_type=\"widget\" data-widget_type=\"image-gallery.default\">\n\t\t\t\t<div class=\"elementor-widget-container\">\n\t\t\t\t\t\t\t<div class=\"elementor-image-gallery\">\n\t\t\t\t\t<\/div>\n\t\t\t\t\t\t<\/div>\n\t\t\t\t<\/div>\n\t\t\t\t<div class=\"elementor-element elementor-element-f98368a elementor-widget elementor-widget-image-gallery\" data-id=\"f98368a\" data-element_type=\"widget\" data-widget_type=\"image-gallery.default\">\n\t\t\t\t<div class=\"elementor-widget-container\">\n\t\t\t\t\t\t\t<div class=\"elementor-image-gallery\">\n\t\t\t\t\t<\/div>\n\t\t\t\t\t\t<\/div>\n\t\t\t\t<\/div>\n\t\t\t\t\t<\/div>\n\t\t\t\t<\/div>\n\t\t<div class=\"elementor-element elementor-element-ac5d50e e-flex e-con-boxed e-con e-parent\" data-id=\"ac5d50e\" data-element_type=\"container\">\n\t\t\t\t\t<div class=\"e-con-inner\">\n\t\t\t\t<div class=\"elementor-element elementor-element-f43ce67 elementor-position-left elementor-vertical-align-middle elementor-widget elementor-widget-image-box\" data-id=\"f43ce67\" data-element_type=\"widget\" data-widget_type=\"image-box.default\">\n\t\t\t\t<div class=\"elementor-widget-container\">\n\t\t\t\t\t<div class=\"elementor-image-box-wrapper\"><figure class=\"elementor-image-box-img\"><a href=\"https:\/\/libre-media.com\/2026\/01\/09\/ottawa-investit-jusqua-22-millions-dans-la-viande-halal?utm_source=libremedia.beehiiv.com&#038;utm_medium=infolettre-beehiiv&#038;utm_campaign=infolettre-du-9-janvier&#038;_bhlid=b30e538e6179d6e2f3fd6494beb08b47b5b88a9f\" target=\"_blank\" tabindex=\"-1\" rel=\"noopener\"><img fetchpriority=\"high\" decoding=\"async\" width=\"2072\" height=\"1360\" src=\"https:\/\/canadadubaigcc.com\/wp-content\/uploads\/2026\/01\/libre_media_afp.png\" class=\"attachment-full size-full wp-image-3480\" alt=\"\" srcset=\"https:\/\/canadadubaigcc.com\/wp-content\/uploads\/2026\/01\/libre_media_afp.png 2072w, https:\/\/canadadubaigcc.com\/wp-content\/uploads\/2026\/01\/libre_media_afp-300x197.png 300w, https:\/\/canadadubaigcc.com\/wp-content\/uploads\/2026\/01\/libre_media_afp-1024x672.png 1024w, https:\/\/canadadubaigcc.com\/wp-content\/uploads\/2026\/01\/libre_media_afp-768x504.png 768w, https:\/\/canadadubaigcc.com\/wp-content\/uploads\/2026\/01\/libre_media_afp-1536x1008.png 1536w, https:\/\/canadadubaigcc.com\/wp-content\/uploads\/2026\/01\/libre_media_afp-2048x1344.png 2048w, https:\/\/canadadubaigcc.com\/wp-content\/uploads\/2026\/01\/libre_media_afp-18x12.png 18w\" sizes=\"(max-width: 2072px) 100vw, 2072px\" \/><\/a><\/figure><div class=\"elementor-image-box-content\"><h3 class=\"elementor-image-box-title\"><a href=\"https:\/\/libre-media.com\/2026\/01\/09\/ottawa-investit-jusqua-22-millions-dans-la-viande-halal?utm_source=libremedia.beehiiv.com&#038;utm_medium=infolettre-beehiiv&#038;utm_campaign=infolettre-du-9-janvier&#038;_bhlid=b30e538e6179d6e2f3fd6494beb08b47b5b88a9f\" target=\"_blank\" rel=\"noopener\">Ottawa investit jusqu\u2019\u00e0 2,2 millions dans la viande halal<\/a><\/h3><p class=\"elementor-image-box-description\">Bonne nouvelle pour les \u00e9changes commerciaux! Lire l'article. <\/p><\/div><\/div>\t\t\t\t<\/div>\n\t\t\t\t<\/div>\n\t\t\t\t\t<\/div>\n\t\t\t\t<\/div>\n\t\t\t\t<section class=\"elementor-section elementor-top-section elementor-element elementor-element-5a955c3f elementor-section-boxed elementor-section-height-default elementor-section-height-default\" data-id=\"5a955c3f\" data-element_type=\"section\">\n\t\t\t\t\t\t<div class=\"elementor-container elementor-column-gap-default\">\n\t\t\t\t\t<div class=\"elementor-column elementor-col-100 elementor-top-column elementor-element elementor-element-6c78b4fa\" data-id=\"6c78b4fa\" data-element_type=\"column\">\n\t\t\t<div class=\"elementor-widget-wrap elementor-element-populated\">\n\t\t\t\t\t\t<div class=\"elementor-element elementor-element-4c8bcd1b elementor-widget elementor-widget-feedzy-rss-feeds\" data-id=\"4c8bcd1b\" data-element_type=\"widget\" data-widget_type=\"feedzy-rss-feeds.default\">\n\t\t\t\t<div class=\"elementor-widget-container\">\n\t\t\t\t\t<div class=\"feedzy-759aa1ef7917fa8e8dbda641b5c44d0a feedzy-rss\"><ul><li  style=\"padding: 15px 0 25px\" class=\"rss_item\"><span class=\"title\"><a href=\"https:\/\/news.google.com\/rss\/articles\/CBMiwwFBVV95cUxOYmo1dndlV3ZQTFVnVlpYUURzNGYyX0tLUUtmTFR6bGhqcHpEM3NkLWp1ZVo4Z2VWS2RXTTV1YzNtY0ZWbDNuS25JNGJYSEREM0xJek85dWVrT0FVT21VQkRUVk9MdjN5ZDZfQ2JoNFp2R20wR19lejRfOXVnLXNhckhUNkNlazliTnlacTk2ZGEzeE5pXzBXdGx0dWpVTkNQWktXa2NuT09WX2tmR2tCTVVUVGlmYU1mUFZiSl92amRoRDA?oc=5\" target=\"\" rel=\" noopener\">Dubai and Middle East flight disruption: the latest airline updates amid US-Iran ceasefire - Cond\u00e9 Nast Traveller Middle East<\/a><\/span><div class=\"rss_content\" style=\"\"><p>Dubai and Middle East flight disruption: the latest airline updates amid US-Iran ceasefire\u00a0\u00a0Cond\u00e9 Nast Traveller Middle East<\/p><\/div><\/li><li  style=\"padding: 15px 0 25px\" class=\"rss_item\"><span class=\"title\"><a href=\"https:\/\/news.google.com\/rss\/articles\/CBMiekFVX3lxTE5MaXEyYWRpUU5uM2xaV0lBTk9wVWtRdElRczVpcW9CeGRwZ0MxeDRGRmlocmFxWnRSaERaQU9DaVYxaVR2VzUzZUxqQ0VCV2FoeDNxeHRLdE1ObUFsaUtrQ0ZJZ1NsTnhTbnpMMjM0YVdRdU9YYmxHNXZB?oc=5\" target=\"\" rel=\" noopener\">Latest: 16 international airlines suspend flights to Dubai International Airport - Time Out Dubai<\/a><\/span><div class=\"rss_content\" style=\"\"><p>Latest: 16 international airlines suspend flights to Dubai International Airport\u00a0\u00a0Time Out Dubai<\/p><\/div><\/li><li  style=\"padding: 15px 0 25px\" class=\"rss_item\"><span class=\"title\"><a href=\"https:\/\/news.google.com\/rss\/articles\/CBMitAJBVV95cUxQVEcxTEhuWjZjLVdNVVFiaVVlUjBNS21tRU01ZzhSZTJwQ0ZlckJ5eHpQZElQN2lZRGJSUnRGQUVFZ2RhRUI0T0tpUUtmWnJDdDZuQ2hpTndwbG5vU21vQ1NMc0pkUXRHTHl2LWZtR0NMVklVNjFaUGhRUW95VzVPMzR2UUNzeUl6Z29sZnduVnFGQk0za1E0RWEweGpmQlJUU0cxNjNTWDV4RS01SWNqYm1oUEZBSDIteDNUd2taRWNHSTF4TnBvRk5JWHBTVTBEd1FSamlvV0czaU51LUU2UHkyR1l1Q3FkTkNwbS05dkRvNXdINlY5Z2NjUU5qNVFJUENkRENHWkluRUNQUkhwZEU5c3czNXRCc0hoV1FkMmRnb1MzaE9zQjZpZ3dSTjkyb0RIUw?oc=5\" target=\"\" rel=\" noopener\">Delta Joins Lufthansa, Air Canada, Emirates in Chaos: Iran War Locks Down Dubai-Doha-Abu Dhabi Hubs, Stranding Millions Until October 2026 \u2013 Your Summer Getaway Doomed - Travel And Tour World<\/a><\/span><div class=\"rss_content\" style=\"\"><p>Delta Joins Lufthansa, Air Canada, Emirates in Chaos: Iran War Locks Down Dubai-Doha-Abu Dhabi Hubs, Stranding Millions Until October 2026 \u2013 Your Summer Getaway Doomed\u00a0\u00a0Travel And Tour World<\/p><\/div><\/li><li  style=\"padding: 15px 0 25px\" class=\"rss_item\"><span class=\"title\"><a href=\"https:\/\/news.google.com\/rss\/articles\/CBMi3wJBVV95cUxNQTBsV0hJVFg2dkRBZ0Y4c3VhbXJlNFNfV2xPTVRYVDc5NFRIUXBJZFVxa1VkYzViMkhJeXNsN0Q0OHVjNzNnempsQUZfUHdQODE4MmZxSzJYS3BYWHpFdElqS24yMHlzdEtOdk9teW5ZVy1nczlrdmhKNjRUSGdfS2FhUlVfcFVLT1k4Y29ITFB1dnNxZDlPTktKV0VYSUo1MGs2eEZOaFRfRERXSEVVdEVRYkpYWldLQU1ORkNWWUJxTTJWMnVjcTVDamVyWnlYaG56UEQ5aXVTVGFOdi1TLXpLOWpSbU9WZXktem1FWkNhQmxObHpnS2hkNHJsQWJNWno0Tzc5NjFEaHIxOXRveGo4SDdFQ21tZWdHdTZTazdWek1zczNjWk5XSTR4OU9NLXhoXzItQWNKd3kyUHJ2VUdIUmI0YmFGT3NjMmE3alR3ZVh1NUFBR2hIQlAzMjQ?oc=5\" target=\"\" rel=\" noopener\">Italy Joins US, Canada, Australia, Japan, South Africa and Others as Emirates Flight Schedule Expands in April from Dubai Offering Rebooking Flexibility and Increased Capacity to Travelers Globally - Travel And Tour World<\/a><\/span><div class=\"rss_content\" style=\"\"><p>Italy Joins US, Canada, Australia, Japan, South Africa and Others as Emirates Flight Schedule Expands in April from Dubai Offering Rebooking Flexibility and Increased Capacity to Travelers Globally\u00a0\u00a0Travel And Tour World<\/p><\/div><\/li><li  style=\"padding: 15px 0 25px\" class=\"rss_item\"><span class=\"title\"><a href=\"https:\/\/news.google.com\/rss\/articles\/CBMi2gJBVV95cUxQTFNKX21SZlBiMU1ncXJKSXZ4eWpmNzNXWDZBajBGektOTmlxc0lFX0VqV0hSZ3hTWE9DUmFhRjdSU2VqaUZORzNQcDB2cDBZZDhfN3ZtYkhEc3FrV0pyVURvOUp4bGtRY1V5MWhqTzNtbVhLV18wSGs0VWRHVHVnZTFTaUo1ODludXZDM1RHNHpPNDBGSEtTWFFIODZ2RUMwR2RrbUw0bFZFU1NqRUFmOGtMNDE3YmFJVk1NLUI5QmJVc1FtR1JNZDJTTnFWclBLUnhiN25BdExwNUN0emt0NmhIOGhsT1hEd01XMjg5dkJBQWVJamRIaTN2UVkzNlV5RkR1UEFQVU9XTlFnTDlLa2hZLVBSTFpXODZqQ2ZvWmJCeGRhMjc3MFV5bmZvNW1ub1kwVUtxRWJoNER2TDFqWUFRUjlDOGI0RTRsdG1Da29hd01wVnppSkFn?oc=5\" target=\"\" rel=\" noopener\">Germany Joins France, U.K, Spain, Netherlands, United States, Canada, Mexico, Australia, China and Japan as Emergency Travel Measures Expand to Rescue Stranded Tourists from Israel, Jordan, UAE, Qatar, Saudi Arabia, Lebanon and Iraq Across Dubai, - Travel And Tour World<\/a><\/span><div class=\"rss_content\" style=\"\"><p>Germany Joins France, U.K, Spain, Netherlands, United States, Canada, Mexico, Australia, China and Japan as Emergency Travel Measures Expand to Rescue Stranded Tourists from Israel, Jordan, UAE, Qatar, Saudi Arabia, Lebanon and Iraq Across Dubai,\u00a0\u00a0Travel And Tour World<\/p><\/div><\/li><\/ul> <\/div><style type=\"text\/css\" media=\"all\">.feedzy-rss .rss_item .rss_image{float:left;position:relative;border:none;text-decoration:none;max-width:100%}.feedzy-rss .rss_item .rss_image span{display:inline-block;position:absolute;width:100%;height:100%;background-position:50%;background-size:cover}.feedzy-rss .rss_item .rss_image{margin:.3em 1em 0 0;content-visibility:auto}.feedzy-rss ul{list-style:none}.feedzy-rss ul li{display:inline-block}<\/style>\t\t\t\t<\/div>\n\t\t\t\t<\/div>\n\t\t\t\t\t<\/div>\n\t\t<\/div>\n\t\t\t\t\t<\/div>\n\t\t<\/section>\n\t\t\t\t<\/div>","protected":false},"excerpt":{"rendered":"<p>NEWS From Canada to Duba\u00ef Vincent spent a week in Dubai to orchestrate the January mission, working in collaboration with the advisory committee members and the Chamber\u2019s coordination team. This visit included several enriching meetings and forward-looking work sessions, laying the groundwork for new opportunities between Canada and the Greater Dubai area. Ottawa invests up&#8230;<\/p>","protected":false},"author":1,"featured_media":0,"parent":0,"menu_order":0,"comment_status":"closed","ping_status":"closed","template":"","meta":{"_kad_post_transparent":"","_kad_post_title":"hide","_kad_post_layout":"fullwidth","_kad_post_sidebar_id":"","_kad_post_content_style":"unboxed","_kad_post_vertical_padding":"hide","_kad_post_feature":"hide","_kad_post_feature_position":"","_kad_post_header":false,"_kad_post_footer":false,"footnotes":""},"_links":{"self":[{"href":"https:\/\/canadadubaigcc.com\/fr\/wp-json\/wp\/v2\/pages\/2501"}],"collection":[{"href":"https:\/\/canadadubaigcc.com\/fr\/wp-json\/wp\/v2\/pages"}],"about":[{"href":"https:\/\/canadadubaigcc.com\/fr\/wp-json\/wp\/v2\/types\/page"}],"author":[{"embeddable":true,"href":"https:\/\/canadadubaigcc.com\/fr\/wp-json\/wp\/v2\/users\/1"}],"replies":[{"embeddable":true,"href":"https:\/\/canadadubaigcc.com\/fr\/wp-json\/wp\/v2\/comments?post=2501"}],"version-history":[{"count":0,"href":"https:\/\/canadadubaigcc.com\/fr\/wp-json\/wp\/v2\/pages\/2501\/revisions"}],"wp:attachment":[{"href":"https:\/\/canadadubaigcc.com\/fr\/wp-json\/wp\/v2\/media?parent=2501"}],"curies":[{"name":"wp","href":"https:\/\/api.w.org\/{rel}","templated":true}]}}