{"id":2142,"date":"2024-04-29T16:50:43","date_gmt":"2024-04-29T16:50:43","guid":{"rendered":"https:\/\/canadadubaigcc.com\/?page_id=2142"},"modified":"2025-09-26T16:07:14","modified_gmt":"2025-09-26T16:07:14","slug":"ambassadors-messages","status":"publish","type":"page","link":"https:\/\/canadadubaigcc.com\/fr\/ambassadors-messages\/","title":{"rendered":"Ambassadors&#8217; Messages"},"content":{"rendered":"<div data-elementor-type=\"wp-page\" data-elementor-id=\"2142\" class=\"elementor elementor-2142\">\n\t\t\t\t\t\t<section class=\"elementor-section elementor-top-section elementor-element elementor-element-664ad0ad elementor-section-stretched elementor-section-height-min-height elementor-section-boxed elementor-section-height-default elementor-section-items-middle\" data-id=\"664ad0ad\" data-element_type=\"section\" data-settings=\"{&quot;background_background&quot;:&quot;classic&quot;,&quot;shape_divider_bottom&quot;:&quot;mountains&quot;,&quot;stretch_section&quot;:&quot;section-stretched&quot;}\">\n\t\t\t\t\t\t\t<div class=\"elementor-background-overlay\"><\/div>\n\t\t\t\t\t\t<div class=\"elementor-shape elementor-shape-bottom\" data-negative=\"false\">\n\t\t\t<svg xmlns=\"http:\/\/www.w3.org\/2000\/svg\" viewbox=\"0 0 1000 100\" preserveaspectratio=\"none\">\n\t<path class=\"elementor-shape-fill\" opacity=\"0.33\" d=\"M473,67.3c-203.9,88.3-263.1-34-320.3,0C66,119.1,0,59.7,0,59.7V0h1000v59.7 c0,0-62.1,26.1-94.9,29.3c-32.8,3.3-62.8-12.3-75.8-22.1C806,49.6,745.3,8.7,694.9,4.7S492.4,59,473,67.3z\"\/>\n\t<path class=\"elementor-shape-fill\" opacity=\"0.66\" d=\"M734,67.3c-45.5,0-77.2-23.2-129.1-39.1c-28.6-8.7-150.3-10.1-254,39.1 s-91.7-34.4-149.2,0C115.7,118.3,0,39.8,0,39.8V0h1000v36.5c0,0-28.2-18.5-92.1-18.5C810.2,18.1,775.7,67.3,734,67.3z\"\/>\n\t<path class=\"elementor-shape-fill\" d=\"M766.1,28.9c-200-57.5-266,65.5-395.1,19.5C242,1.8,242,5.4,184.8,20.6C128,35.8,132.3,44.9,89.9,52.5C28.6,63.7,0,0,0,0 h1000c0,0-9.9,40.9-83.6,48.1S829.6,47,766.1,28.9z\"\/>\n<\/svg>\t\t<\/div>\n\t\t\t\t\t<div class=\"elementor-container elementor-column-gap-no\">\n\t\t\t\t\t<div class=\"elementor-column elementor-col-50 elementor-top-column elementor-element elementor-element-66a450b0\" data-id=\"66a450b0\" data-element_type=\"column\">\n\t\t\t<div class=\"elementor-widget-wrap elementor-element-populated\">\n\t\t\t\t\t\t<div class=\"elementor-element elementor-element-778291c5 elementor-widget elementor-widget-heading\" data-id=\"778291c5\" data-element_type=\"widget\" data-widget_type=\"heading.default\">\n\t\t\t\t<div class=\"elementor-widget-container\">\n\t\t\t\t\t<h1 class=\"elementor-heading-title elementor-size-default\">MESSAGE DE L'AMBASSADEUR<\/h1>\t\t\t\t<\/div>\n\t\t\t\t<\/div>\n\t\t\t\t\t<\/div>\n\t\t<\/div>\n\t\t\t\t<div class=\"elementor-column elementor-col-50 elementor-top-column elementor-element elementor-element-65099591\" data-id=\"65099591\" data-element_type=\"column\">\n\t\t\t<div class=\"elementor-widget-wrap elementor-element-populated\">\n\t\t\t\t\t\t\t<\/div>\n\t\t<\/div>\n\t\t\t\t\t<\/div>\n\t\t<\/section>\n\t\t<div class=\"elementor-element elementor-element-183df8b3 e-flex e-con-boxed e-con e-parent\" data-id=\"183df8b3\" data-element_type=\"container\" id=\"xs_cta_style_16\" data-settings=\"{&quot;background_background&quot;:&quot;classic&quot;}\">\n\t\t\t\t\t<div class=\"e-con-inner\">\n\t\t\t\t<div class=\"elementor-element elementor-element-19c04da elementor-widget elementor-widget-elementskit-heading\" data-id=\"19c04da\" data-element_type=\"widget\" data-widget_type=\"elementskit-heading.default\">\n\t\t\t\t<div class=\"elementor-widget-container\">\n\t\t\t\t\t<div class=\"ekit-wid-con\" ><div class=\"ekit-heading elementskit-section-title-wraper text_center   ekit_heading_tablet-   ekit_heading_mobile-\"><h2 class=\"ekit-heading--title elementskit-section-title\">Consulat g\u00e9n\u00e9ral du Canada aux \u00c9mirats arabes unis \u00e0 Duba\u00ef<\/h2>\t\t\t\t<div class='ekit-heading__description'>\n\t\t\t\t\t<p>Plus d'informations <a href=\"https:\/\/www.international.gc.ca\/country-pays\/uae-eau\/dubai.aspx?lang=eng\" target=\"_blank\" rel=\"noopener\">ici<\/a>.<\/p>\n\t\t\t\t<\/div>\n\t\t\t<\/div><\/div>\t\t\t\t<\/div>\n\t\t\t\t<\/div>\n\t\t<div class=\"elementor-element elementor-element-2911978d e-con-full e-flex e-con e-child\" data-id=\"2911978d\" data-element_type=\"container\">\n\t\t\t\t<div class=\"elementor-element elementor-element-6a11eb6e elementor-widget__width-initial elementor-widget elementor-widget-elementskit-heading\" data-id=\"6a11eb6e\" data-element_type=\"widget\" data-widget_type=\"elementskit-heading.default\">\n\t\t\t\t<div class=\"elementor-widget-container\">\n\t\t\t\t\t<div class=\"ekit-wid-con\" ><div class=\"ekit-heading elementskit-section-title-wraper text_left   ekit_heading_tablet-   ekit_heading_mobile-\"><h2 class=\"ekit-heading--title elementskit-section-title\">Jean-Philippe Linteau, <span><span>Ambassadeur<\/span><\/span><\/h2>\t\t\t\t<div class='ekit-heading__description'>\n\t\t\t\t\t<p>Jean-Philippe Linteau est l\u2019ambassadeur du Canada aupr\u00e8s du Royaume d\u2019Arabie saoudite. Sp\u00e9cialiste de la politique \u00e9trang\u00e8re canadienne et du Golfe, il se consacre au renforcement des partenariats bilat\u00e9raux et r\u00e9gionaux. Ses domaines d\u2019expertise incluent l\u2019\u00e9conomie, l\u2019industrie et le commerce ; l\u2019environnement, les \u00e9nergies renouvelables et les changements climatiques ; ainsi que le f\u00e9d\u00e9ralisme et le partage des pouvoirs. Gr\u00e2ce \u00e0 son parcours, il offre une vision strat\u00e9gique de la coop\u00e9ration internationale et du d\u00e9veloppement durable.<\/p>\n\t\t\t\t<\/div>\n\t\t\t<\/div><\/div>\t\t\t\t<\/div>\n\t\t\t\t<\/div>\n\t\t\t\t<div class=\"elementor-element elementor-element-ee76c38 elementor-widget elementor-widget-image\" data-id=\"ee76c38\" data-element_type=\"widget\" data-widget_type=\"image.default\">\n\t\t\t\t<div class=\"elementor-widget-container\">\n\t\t\t\t\t\t\t\t\t\t\t\t\t\t\t<img fetchpriority=\"high\" decoding=\"async\" width=\"501\" height=\"501\" src=\"https:\/\/canadadubaigcc.com\/wp-content\/uploads\/2025\/07\/jean-philippe.jpeg\" class=\"attachment-2048x2048 size-2048x2048 wp-image-2679\" alt=\"\" srcset=\"https:\/\/canadadubaigcc.com\/wp-content\/uploads\/2025\/07\/jean-philippe.jpeg 501w, https:\/\/canadadubaigcc.com\/wp-content\/uploads\/2025\/07\/elementor\/thumbs\/jean-philippe-r88as0o8lcbklp0iole1te5s6nnzseudd0alanfg6w.jpeg 300w, https:\/\/canadadubaigcc.com\/wp-content\/uploads\/2025\/07\/jean-philippe-150x150.jpeg 150w, https:\/\/canadadubaigcc.com\/wp-content\/uploads\/2025\/07\/elementor\/thumbs\/jean-philippe-r88as0o9t7407p693i97xh057zvmg6238svrg1wo80.jpeg 400w\" sizes=\"(max-width: 501px) 100vw, 501px\" \/>\t\t\t\t\t\t\t\t\t\t\t\t\t\t\t<\/div>\n\t\t\t\t<\/div>\n\t\t\t\t<\/div>\n\t\t\t\t\t<\/div>\n\t\t\t\t<\/div>\n\t\t<div class=\"elementor-element elementor-element-1438c14 e-grid e-con-boxed e-con e-parent\" data-id=\"1438c14\" data-element_type=\"container\" data-settings=\"{&quot;background_background&quot;:&quot;classic&quot;}\">\n\t\t\t\t\t<div class=\"e-con-inner\">\n\t\t\t\t<div class=\"elementor-element elementor-element-487d2e59 elementor-widget elementor-widget-text-editor\" data-id=\"487d2e59\" data-element_type=\"widget\" data-widget_type=\"text-editor.default\">\n\t\t\t\t<div class=\"elementor-widget-container\">\n\t\t\t\t\t\t\t\t\t<h4 style=\"text-align: center;\">\n  <span style=\"color: #00923d;\">\n    <span style=\"font-size: 20pt; font-family: Barlow, sans-serif; font-weight: 500; background-color: transparent;\">\n      Message conjoint de la Chambre de commerce Canada-Duba\u00ef GCC\n    <\/span>\n  <\/span>\n<\/h4>\n\t\t\t\t\t\t\t\t<\/div>\n\t\t\t\t<\/div>\n\t\t\t\t<div class=\"elementor-element elementor-element-1ac67540 elementor-widget elementor-widget-text-editor\" data-id=\"1ac67540\" data-element_type=\"widget\" data-widget_type=\"text-editor.default\">\n\t\t\t\t<div class=\"elementor-widget-container\">\n\t\t\t\t\t\t\t\t\t<span id=\"docs-internal-guid-a45402ab-7fff-3ac9-0fa5-85f970b18164\"><span style=\"font-size: 11pt; font-family: barlow, sans-serif; background-color: transparent; font-variant-numeric: normal; font-variant-east-asian: normal; font-variant-alternates: normal; font-variant-position: normal; font-variant-emoji: normal; vertical-align: baseline; white-space-collapse: preserve;\">La relation commerciale et d\u2019investissement entre le Canada et Duba\u00ef s\u2019est fortement renforc\u00e9e ces derni\u00e8res ann\u00e9es, passant de 18,4\u202fmilliards\u202f\u00a3 (92\u202fmilliards AED) en 2020 \u00e0 plus de 25\u202fmilliards\u202f\u00a3 (130\u202fmilliards AED) en 2024. Le Conseil d\u2019affaires Canada\u2013Duba\u00ef vise \u00e0 soutenir la croissance continue du commerce et des investissements bilat\u00e9raux au cours des prochaines ann\u00e9es, avec une part croissante provenant de secteurs non traditionnels. Alors que les deux \u00e9conomies se diversifient et investissent massivement dans les comp\u00e9tences, la technologie et les infrastructures, les possibilit\u00e9s de cr\u00e9er de nouveaux partenariats commerciaux se d\u00e9veloppent de mani\u00e8re significative.<\/span><\/span>\t\t\t\t\t\t\t\t<\/div>\n\t\t\t\t<\/div>\n\t\t\t\t\t<\/div>\n\t\t\t\t<\/div>\n\t\t\t\t<\/div>","protected":false},"excerpt":{"rendered":"<p>AMBASSADOR&#8217;S MESSAGE Consulate General of Canada to the United Arab Emirates, in Dubai More information here. Jean-Philippe Linteau, Ambassador Jean-Philippe is the Ambassador of Canada to the Kingdom of Saudi Arabia. He brings deep expertise in Canadian and Gulf foreign policy, with a focus on strengthening bilateral and regional partnerships. His areas of specialization include&#8230;<\/p>","protected":false},"author":1,"featured_media":0,"parent":0,"menu_order":0,"comment_status":"closed","ping_status":"closed","template":"elementor_header_footer","meta":{"_kad_post_transparent":"default","_kad_post_title":"hide","_kad_post_layout":"default","_kad_post_sidebar_id":"","_kad_post_content_style":"unboxed","_kad_post_vertical_padding":"default","_kad_post_feature":"","_kad_post_feature_position":"","_kad_post_header":false,"_kad_post_footer":false,"footnotes":""},"_links":{"self":[{"href":"https:\/\/canadadubaigcc.com\/fr\/wp-json\/wp\/v2\/pages\/2142"}],"collection":[{"href":"https:\/\/canadadubaigcc.com\/fr\/wp-json\/wp\/v2\/pages"}],"about":[{"href":"https:\/\/canadadubaigcc.com\/fr\/wp-json\/wp\/v2\/types\/page"}],"author":[{"embeddable":true,"href":"https:\/\/canadadubaigcc.com\/fr\/wp-json\/wp\/v2\/users\/1"}],"replies":[{"embeddable":true,"href":"https:\/\/canadadubaigcc.com\/fr\/wp-json\/wp\/v2\/comments?post=2142"}],"version-history":[{"count":0,"href":"https:\/\/canadadubaigcc.com\/fr\/wp-json\/wp\/v2\/pages\/2142\/revisions"}],"wp:attachment":[{"href":"https:\/\/canadadubaigcc.com\/fr\/wp-json\/wp\/v2\/media?parent=2142"}],"curies":[{"name":"wp","href":"https:\/\/api.w.org\/{rel}","templated":true}]}}